{"id":1081,"date":"2025-10-03T13:06:11","date_gmt":"2025-10-03T13:06:11","guid":{"rendered":"https:\/\/icad.local\/testimonials\/"},"modified":"2026-03-23T20:22:53","modified_gmt":"2026-03-23T20:22:53","slug":"temoignages","status":"publish","type":"page","link":"https:\/\/icad.dental\/fr\/temoignages\/","title":{"rendered":"T\u00e9moignages"},"content":{"rendered":"\n<section class=\"wp-block-group alignfull general_padding hero-banner dark is-layout-flow wp-block-group-is-layout-flow\">\n<figure class=\"wp-block-image size-large overlay-bg image-fixed-animation\"><img decoding=\"async\" width=\"1024\" height=\"768\" src=\"https:\/\/icad.dental\/wp-content\/uploads\/2025\/11\/DSC08319-min-1024x768.jpg\" alt=\"\" class=\"wp-image-1278\" srcset=\"https:\/\/icad.dental\/wp-content\/uploads\/2025\/11\/DSC08319-min-1024x768.jpg 1024w, https:\/\/icad.dental\/wp-content\/uploads\/2025\/11\/DSC08319-min-300x225.jpg 300w, https:\/\/icad.dental\/wp-content\/uploads\/2025\/11\/DSC08319-min-768x576.jpg 768w, https:\/\/icad.dental\/wp-content\/uploads\/2025\/11\/DSC08319-min-1536x1152.jpg 1536w, https:\/\/icad.dental\/wp-content\/uploads\/2025\/11\/DSC08319-min-2048x1536.jpg 2048w\" sizes=\"(max-width: 1024px) 100vw, 1024px\" \/><\/figure>\n\n\n\n<figure class=\"wp-block-video overlay-bg d-none  image-fixed-animation\"><video height=\"1048\" style=\"aspect-ratio: 2560 \/ 1048;\" width=\"2560\" autoplay loop muted src=\"https:\/\/icad.dental\/wp-content\/uploads\/2025\/10\/videoplayback.mp4\" playsinline><\/video><\/figure>\n\n\n\n<div class=\"overlay_effect\"\n    style=\"background-color: rgba(71, 76, 85, 0.1); mix-blend-mode: multiply;\">\n<\/div>\n\n\n<div class=\"wp-block-group alignfull content_text_hero two_columns is-layout-flow wp-block-group-is-layout-flow\">\n<p class=\"has-light-gray-color has-text-color has-link-color wp-elements-f23fb1feaffa88801b9099b230e54dc8\">T\u00e9moignages<\/p>\n\n\n\n<div style=\"height:2rem\" aria-hidden=\"true\" class=\"wp-block-spacer\"><\/div>\n\n\n\n<div class=\"wp-block-columns is-layout-flex wp-container-core-columns-is-layout-28f84493 wp-block-columns-is-layout-flex\">\n<div class=\"wp-block-column is-layout-flow wp-block-column-is-layout-flow\" style=\"flex-basis:45%\">\n<h1 class=\"wp-block-heading has-text-align-left has-light-gray-color has-text-color has-link-color wp-elements-e6771d6c93899fb8e3f34aed11bb8686\" id=\"dynamicTitle\" style=\"font-style:normal;font-weight:300;text-transform:uppercase\">Nous sommes reconnaissants envers tous ceux qui ont partag\u00e9 leur exp\u00e9rience avec iCAD Dental, qu\u2019il s\u2019agisse de cliniciens ou de patients.<\/h1>\n\n\n\n<div class=\"wp-block-buttons v1 d-none is-content-justification-center is-layout-flex wp-container-core-buttons-is-layout-a89b3969 wp-block-buttons-is-layout-flex\">\n<div class=\"wp-block-button\"><a class=\"wp-block-button__link wp-element-button\" href=\"\/\">Learn more<\/a><\/div>\n<\/div>\n<\/div>\n\n\n\n<div class=\"wp-block-column is-layout-flow wp-block-column-is-layout-flow\" style=\"flex-basis:45%\">\n<p class=\"has-gris-fond-color has-text-color has-link-color wp-elements-92eb95a402f34a2c8e803dbd5a2ba002\">Vos mots nous inspirent \u00e0 continuer de donner le meilleur de nous-m\u00eames.<\/p>\n\n\n\n<div style=\"height:2rem\" aria-hidden=\"true\" class=\"wp-block-spacer\"><\/div>\n\n\n\n<p class=\"has-gris-fond-color has-text-color has-link-color wp-elements-0daa2aaebf6eedddce20e6a4576a824a\">Vous souhaitez partager votre exp\u00e9rience avec iCAD Dental? Nous serions ravis de vous lire.<\/p>\n\n\n\n<div style=\"height:3rem\" aria-hidden=\"true\" class=\"wp-block-spacer\"><\/div>\n\n\n\n<div class=\"wp-block-buttons v3 is-layout-flex wp-block-buttons-is-layout-flex\">\n<div class=\"wp-block-button\"><a class=\"wp-block-button__link wp-element-button\" href=\"https:\/\/www.google.com\/maps?q=iCAD+Dental,+1825+Woodward+Dr,+Ottawa,+ON+K2C+0P9,+Canada&amp;ftid=0x4cce079a967727c7:0xf01bcaa0d3740f37&amp;entry=gps&amp;lucs=,94297699,94275415,94231188,94280568,47071704,94218641,94282134,94286869&amp;g_ep=CAISEjI1LjQ1LjEuODI3NTI0MzAwMBgAIMi8BypILDk0Mjk3Njk5LDk0Mjc1NDE1LDk0MjMxMTg4LDk0MjgwNTY4LDQ3MDcxNzA0LDk0MjE4NjQxLDk0MjgyMTM0LDk0Mjg2ODY5QgJSVQ%3D%3D&amp;skid=cfd93b9c-076c-4956-8dc3-4a8c41a28d7b&amp;g_st=ipc\">LAISSEZ UN COMMENTAIRE<\/a><\/div>\n<\/div>\n<\/div>\n<\/div>\n<\/div>\n<\/section>\n\n\n\n<section class=\"wp-block-group alignfull list_testimonials padding_generali light is-layout-flow wp-block-group-is-layout-flow\"><div class=\"testimonials_list align wp-block-acf-testimonials-list\">\n\n        <div class=\"testimonial_item\">\n\n                <div class=\"stars\" style=\"display:flex; gap:4px;\">\n                        <svg width=\"20\" height=\"20\" viewBox=\"0 0 20 20\" xmlns=\"http:\/\/www.w3.org\/2000\/svg\">\n                <path\n                    d=\"M10 0L12.2451 6.90983H19.5106L13.6327 11.1803L15.8779 18.0902L10 13.8197L4.12215 18.0902L6.36729 11.1803L0.489435 6.90983H7.75486L10 0Z\"\n                    fill=\"#0BBBDA\" \/>\n            <\/svg>\n                        <svg width=\"20\" height=\"20\" viewBox=\"0 0 20 20\" xmlns=\"http:\/\/www.w3.org\/2000\/svg\">\n                <path\n                    d=\"M10 0L12.2451 6.90983H19.5106L13.6327 11.1803L15.8779 18.0902L10 13.8197L4.12215 18.0902L6.36729 11.1803L0.489435 6.90983H7.75486L10 0Z\"\n                    fill=\"#0BBBDA\" \/>\n            <\/svg>\n                        <svg width=\"20\" height=\"20\" viewBox=\"0 0 20 20\" xmlns=\"http:\/\/www.w3.org\/2000\/svg\">\n                <path\n                    d=\"M10 0L12.2451 6.90983H19.5106L13.6327 11.1803L15.8779 18.0902L10 13.8197L4.12215 18.0902L6.36729 11.1803L0.489435 6.90983H7.75486L10 0Z\"\n                    fill=\"#0BBBDA\" \/>\n            <\/svg>\n                        <svg width=\"20\" height=\"20\" viewBox=\"0 0 20 20\" xmlns=\"http:\/\/www.w3.org\/2000\/svg\">\n                <path\n                    d=\"M10 0L12.2451 6.90983H19.5106L13.6327 11.1803L15.8779 18.0902L10 13.8197L4.12215 18.0902L6.36729 11.1803L0.489435 6.90983H7.75486L10 0Z\"\n                    fill=\"#0BBBDA\" \/>\n            <\/svg>\n                        <svg width=\"20\" height=\"20\" viewBox=\"0 0 20 20\" xmlns=\"http:\/\/www.w3.org\/2000\/svg\">\n                <path\n                    d=\"M10 0L12.2451 6.90983H19.5106L13.6327 11.1803L15.8779 18.0902L10 13.8197L4.12215 18.0902L6.36729 11.1803L0.489435 6.90983H7.75486L10 0Z\"\n                    fill=\"#0BBBDA\" \/>\n            <\/svg>\n                    <\/div>\n        \n                <div class=\"testimonial_text\">\n            <p>Tr\u00e8s satisfait de la qualit\u00e9 et du service d\u2019iCAD. Un grand merci \u00e0 Burak, qui est tr\u00e8s minutieux dans son travail\u202f; j\u2019appr\u00e9cie le temps suppl\u00e9mentaire qu\u2019il a consacr\u00e9 \u00e0 ma teinte personnalis\u00e9e.<\/p>\n        <\/div>\n        \n                <div class=\"testimonial_author\">\n             Hicham L.        <\/div>\n        \n    <\/div>\n        <div class=\"testimonial_item\">\n\n                <div class=\"stars\" style=\"display:flex; gap:4px;\">\n                        <svg width=\"20\" height=\"20\" viewBox=\"0 0 20 20\" xmlns=\"http:\/\/www.w3.org\/2000\/svg\">\n                <path\n                    d=\"M10 0L12.2451 6.90983H19.5106L13.6327 11.1803L15.8779 18.0902L10 13.8197L4.12215 18.0902L6.36729 11.1803L0.489435 6.90983H7.75486L10 0Z\"\n                    fill=\"#0BBBDA\" \/>\n            <\/svg>\n                        <svg width=\"20\" height=\"20\" viewBox=\"0 0 20 20\" xmlns=\"http:\/\/www.w3.org\/2000\/svg\">\n                <path\n                    d=\"M10 0L12.2451 6.90983H19.5106L13.6327 11.1803L15.8779 18.0902L10 13.8197L4.12215 18.0902L6.36729 11.1803L0.489435 6.90983H7.75486L10 0Z\"\n                    fill=\"#0BBBDA\" \/>\n            <\/svg>\n                        <svg width=\"20\" height=\"20\" viewBox=\"0 0 20 20\" xmlns=\"http:\/\/www.w3.org\/2000\/svg\">\n                <path\n                    d=\"M10 0L12.2451 6.90983H19.5106L13.6327 11.1803L15.8779 18.0902L10 13.8197L4.12215 18.0902L6.36729 11.1803L0.489435 6.90983H7.75486L10 0Z\"\n                    fill=\"#0BBBDA\" \/>\n            <\/svg>\n                        <svg width=\"20\" height=\"20\" viewBox=\"0 0 20 20\" xmlns=\"http:\/\/www.w3.org\/2000\/svg\">\n                <path\n                    d=\"M10 0L12.2451 6.90983H19.5106L13.6327 11.1803L15.8779 18.0902L10 13.8197L4.12215 18.0902L6.36729 11.1803L0.489435 6.90983H7.75486L10 0Z\"\n                    fill=\"#0BBBDA\" \/>\n            <\/svg>\n                        <svg width=\"20\" height=\"20\" viewBox=\"0 0 20 20\" xmlns=\"http:\/\/www.w3.org\/2000\/svg\">\n                <path\n                    d=\"M10 0L12.2451 6.90983H19.5106L13.6327 11.1803L15.8779 18.0902L10 13.8197L4.12215 18.0902L6.36729 11.1803L0.489435 6.90983H7.75486L10 0Z\"\n                    fill=\"#0BBBDA\" \/>\n            <\/svg>\n                    <\/div>\n        \n                <div class=\"testimonial_text\">\n            <p>J\u2019avais besoin d\u2019une proth\u00e8se partielle le plus vite possible\u202f! ICAD est INCROYABLE\u202f!! Abrar d\u2019Inova Dental les a appel\u00e9s et ils auront les empreintes pr\u00eates pour VENDREDI\u202f!! Merci infiniment \u00e0 ICAD Dental\u202f!! Je vous suis \u00e9ternellement reconnaissante, \u00e0 vous et \u00e0 Abrar\u202f!!<\/p>\n        <\/div>\n        \n                <div class=\"testimonial_author\">\n            Ashleigh-Hope Morgan        <\/div>\n        \n    <\/div>\n        <div class=\"testimonial_item\">\n\n                <div class=\"stars\" style=\"display:flex; gap:4px;\">\n                        <svg width=\"20\" height=\"20\" viewBox=\"0 0 20 20\" xmlns=\"http:\/\/www.w3.org\/2000\/svg\">\n                <path\n                    d=\"M10 0L12.2451 6.90983H19.5106L13.6327 11.1803L15.8779 18.0902L10 13.8197L4.12215 18.0902L6.36729 11.1803L0.489435 6.90983H7.75486L10 0Z\"\n                    fill=\"#0BBBDA\" \/>\n            <\/svg>\n                        <svg width=\"20\" height=\"20\" viewBox=\"0 0 20 20\" xmlns=\"http:\/\/www.w3.org\/2000\/svg\">\n                <path\n                    d=\"M10 0L12.2451 6.90983H19.5106L13.6327 11.1803L15.8779 18.0902L10 13.8197L4.12215 18.0902L6.36729 11.1803L0.489435 6.90983H7.75486L10 0Z\"\n                    fill=\"#0BBBDA\" \/>\n            <\/svg>\n                        <svg width=\"20\" height=\"20\" viewBox=\"0 0 20 20\" xmlns=\"http:\/\/www.w3.org\/2000\/svg\">\n                <path\n                    d=\"M10 0L12.2451 6.90983H19.5106L13.6327 11.1803L15.8779 18.0902L10 13.8197L4.12215 18.0902L6.36729 11.1803L0.489435 6.90983H7.75486L10 0Z\"\n                    fill=\"#0BBBDA\" \/>\n            <\/svg>\n                        <svg width=\"20\" height=\"20\" viewBox=\"0 0 20 20\" xmlns=\"http:\/\/www.w3.org\/2000\/svg\">\n                <path\n                    d=\"M10 0L12.2451 6.90983H19.5106L13.6327 11.1803L15.8779 18.0902L10 13.8197L4.12215 18.0902L6.36729 11.1803L0.489435 6.90983H7.75486L10 0Z\"\n                    fill=\"#0BBBDA\" \/>\n            <\/svg>\n                        <svg width=\"20\" height=\"20\" viewBox=\"0 0 20 20\" xmlns=\"http:\/\/www.w3.org\/2000\/svg\">\n                <path\n                    d=\"M10 0L12.2451 6.90983H19.5106L13.6327 11.1803L15.8779 18.0902L10 13.8197L4.12215 18.0902L6.36729 11.1803L0.489435 6.90983H7.75486L10 0Z\"\n                    fill=\"#0BBBDA\" \/>\n            <\/svg>\n                    <\/div>\n        \n                <div class=\"testimonial_text\">\n            <p>iCAD fournit \u00e0 nos patients des travaux de laboratoire et des appareils d&#039;une qualit\u00e9 exceptionnelle, avec un ajustement parfait \u00e0 chaque fois et un service client hors pair. Merci \u00e0 toute l&#039;\u00e9quipe d&#039;iCAD !<\/p>\n        <\/div>\n        \n                <div class=\"testimonial_author\">\n            Les Voros        <\/div>\n        \n    <\/div>\n        <div class=\"testimonial_item\">\n\n                <div class=\"stars\" style=\"display:flex; gap:4px;\">\n                        <svg width=\"20\" height=\"20\" viewBox=\"0 0 20 20\" xmlns=\"http:\/\/www.w3.org\/2000\/svg\">\n                <path\n                    d=\"M10 0L12.2451 6.90983H19.5106L13.6327 11.1803L15.8779 18.0902L10 13.8197L4.12215 18.0902L6.36729 11.1803L0.489435 6.90983H7.75486L10 0Z\"\n                    fill=\"#0BBBDA\" \/>\n            <\/svg>\n                        <svg width=\"20\" height=\"20\" viewBox=\"0 0 20 20\" xmlns=\"http:\/\/www.w3.org\/2000\/svg\">\n                <path\n                    d=\"M10 0L12.2451 6.90983H19.5106L13.6327 11.1803L15.8779 18.0902L10 13.8197L4.12215 18.0902L6.36729 11.1803L0.489435 6.90983H7.75486L10 0Z\"\n                    fill=\"#0BBBDA\" \/>\n            <\/svg>\n                        <svg width=\"20\" height=\"20\" viewBox=\"0 0 20 20\" xmlns=\"http:\/\/www.w3.org\/2000\/svg\">\n                <path\n                    d=\"M10 0L12.2451 6.90983H19.5106L13.6327 11.1803L15.8779 18.0902L10 13.8197L4.12215 18.0902L6.36729 11.1803L0.489435 6.90983H7.75486L10 0Z\"\n                    fill=\"#0BBBDA\" \/>\n            <\/svg>\n                        <svg width=\"20\" height=\"20\" viewBox=\"0 0 20 20\" xmlns=\"http:\/\/www.w3.org\/2000\/svg\">\n                <path\n                    d=\"M10 0L12.2451 6.90983H19.5106L13.6327 11.1803L15.8779 18.0902L10 13.8197L4.12215 18.0902L6.36729 11.1803L0.489435 6.90983H7.75486L10 0Z\"\n                    fill=\"#0BBBDA\" \/>\n            <\/svg>\n                        <svg width=\"20\" height=\"20\" viewBox=\"0 0 20 20\" xmlns=\"http:\/\/www.w3.org\/2000\/svg\">\n                <path\n                    d=\"M10 0L12.2451 6.90983H19.5106L13.6327 11.1803L15.8779 18.0902L10 13.8197L4.12215 18.0902L6.36729 11.1803L0.489435 6.90983H7.75486L10 0Z\"\n                    fill=\"#0BBBDA\" \/>\n            <\/svg>\n                    <\/div>\n        \n                <div class=\"testimonial_text\">\n            <p>Je suis venue pour un rendez-vous de teinte personnalis\u00e9e, et l\u2019exp\u00e9rience a \u00e9t\u00e9 excellente. L\u2019\u00e9quipe \u00e9tait professionnelle et attentive, et la teinte a \u00e9t\u00e9 parfaitement adapt\u00e9e d\u00e8s la premi\u00e8re fois. Le r\u00e9sultat para\u00eet totalement naturel, et je suis vraiment satisfait(e) de mon sourire.<\/p>\n        <\/div>\n        \n                <div class=\"testimonial_author\">\n            Marie-Claire D.        <\/div>\n        \n    <\/div>\n    \n\n<\/div>\n<\/section>\n\n\n\n<div class=\"wp-block-group alignfull text_image_animated padding_generali light is-layout-flow wp-block-group-is-layout-flow\">\n<div class=\"wp-block-group wrapper_content is-layout-flow wp-block-group-is-layout-flow\">\n<figure class=\"wp-block-image size-large\"><img decoding=\"async\" width=\"1024\" height=\"768\" src=\"https:\/\/icad.dental\/wp-content\/uploads\/2025\/12\/DSC08240-min-1-1024x768.jpg\" alt=\"\" class=\"wp-image-1420\" srcset=\"https:\/\/icad.dental\/wp-content\/uploads\/2025\/12\/DSC08240-min-1-1024x768.jpg 1024w, https:\/\/icad.dental\/wp-content\/uploads\/2025\/12\/DSC08240-min-1-300x225.jpg 300w, https:\/\/icad.dental\/wp-content\/uploads\/2025\/12\/DSC08240-min-1-768x576.jpg 768w, https:\/\/icad.dental\/wp-content\/uploads\/2025\/12\/DSC08240-min-1-1536x1152.jpg 1536w, https:\/\/icad.dental\/wp-content\/uploads\/2025\/12\/DSC08240-min-1.jpg 1920w\" sizes=\"(max-width: 1024px) 100vw, 1024px\" \/><\/figure>\n\n\n\n<div class=\"wp-block-group text_content move_left is-layout-flow wp-block-group-is-layout-flow\">\n<h3 class=\"wp-block-heading line_decoration has-white-color has-text-color has-link-color wp-elements-940a37a125f4c4aa5478c95bf4e975da\" style=\"font-style:normal;font-weight:300;text-transform:uppercase\">laissez un commentaire<\/h3>\n\n\n\n<div class=\"wp-block-buttons v1 is-layout-flex wp-block-buttons-is-layout-flex\">\n<div class=\"wp-block-button\"><a class=\"wp-block-button__link wp-element-button\" href=\"https:\/\/www.google.com\/maps?q=iCAD+Dental,+1825+Woodward+Dr,+Ottawa,+ON+K2C+0P9,+Canada&amp;ftid=0x4cce079a967727c7:0xf01bcaa0d3740f37&amp;entry=gps&amp;lucs=,94297699,94275415,94231188,94280568,47071704,94218641,94282134,94286869&amp;g_ep=CAISEjI1LjQ1LjEuODI3NTI0MzAwMBgAIMi8BypILDk0Mjk3Njk5LDk0Mjc1NDE1LDk0MjMxMTg4LDk0MjgwNTY4LDQ3MDcxNzA0LDk0MjE4NjQxLDk0MjgyMTM0LDk0Mjg2ODY5QgJSVQ%3D%3D&amp;skid=cfd93b9c-076c-4956-8dc3-4a8c41a28d7b&amp;g_st=ipc\"><strong>Soumettre<\/strong><\/a><\/div>\n<\/div>\n<\/div>\n<\/div>\n<\/div>\n\n\n\n<div style=\"height:6rem\" aria-hidden=\"true\" class=\"wp-block-spacer light\"><\/div>\n","protected":false},"excerpt":{"rendered":"<p>T\u00e9moignages Nous sommes reconnaissants envers tous ceux qui ont partag\u00e9 leur exp\u00e9rience avec iCAD Dental, qu\u2019il s\u2019agisse de cliniciens ou de patients. Vos mots nous inspirent \u00e0 continuer de donner le meilleur de nous-m\u00eames. Vous souhaitez partager votre exp\u00e9rience avec iCAD Dental? Nous serions ravis de vous lire. laissez un commentaire<\/p>\n","protected":false},"author":1,"featured_media":0,"parent":0,"menu_order":0,"comment_status":"closed","ping_status":"closed","template":"","meta":{"_acf_changed":false,"inline_featured_image":false,"footnotes":""},"class_list":["post-1081","page","type-page","status-publish","hentry"],"acf":[],"yoast_head":"<!-- This site is optimized with the Yoast SEO plugin v27.2 - https:\/\/yoast.com\/product\/yoast-seo-wordpress\/ -->\n<title>T\u00e9moignages | icad<\/title>\n<meta name=\"robots\" content=\"index, follow, max-snippet:-1, max-image-preview:large, max-video-preview:-1\" \/>\n<link rel=\"canonical\" href=\"https:\/\/icad.dental\/fr\/temoignages\/\" \/>\n<meta property=\"og:locale\" content=\"fr_FR\" \/>\n<meta property=\"og:type\" content=\"article\" \/>\n<meta property=\"og:title\" content=\"T\u00e9moignages | icad\" \/>\n<meta property=\"og:description\" content=\"T\u00e9moignages Nous sommes reconnaissants envers tous ceux qui ont partag\u00e9 leur exp\u00e9rience avec iCAD Dental, qu\u2019il s\u2019agisse de cliniciens ou de patients. Vos mots nous inspirent \u00e0 continuer de donner le meilleur de nous-m\u00eames. Vous souhaitez partager votre exp\u00e9rience avec iCAD Dental? Nous serions ravis de vous lire. laissez un commentaire\" \/>\n<meta property=\"og:url\" content=\"https:\/\/icad.dental\/fr\/temoignages\/\" \/>\n<meta property=\"og:site_name\" content=\"icad\" \/>\n<meta property=\"article:modified_time\" content=\"2026-03-23T20:22:53+00:00\" \/>\n<meta property=\"og:image\" content=\"https:\/\/icad.dental\/wp-content\/uploads\/2025\/11\/DSC08319-min-scaled.jpg\" \/>\n\t<meta property=\"og:image:width\" content=\"2560\" \/>\n\t<meta property=\"og:image:height\" content=\"1920\" \/>\n\t<meta property=\"og:image:type\" content=\"image\/jpeg\" \/>\n<meta name=\"twitter:card\" content=\"summary_large_image\" \/>\n<meta name=\"twitter:label1\" content=\"Dur\u00e9e de lecture estim\u00e9e\" \/>\n\t<meta name=\"twitter:data1\" content=\"1 minute\" \/>\n<script type=\"application\/ld+json\" class=\"yoast-schema-graph\">{\"@context\":\"https:\/\/schema.org\",\"@graph\":[{\"@type\":\"WebPage\",\"@id\":\"https:\/\/icad.dental\/fr\/temoignages\/\",\"url\":\"https:\/\/icad.dental\/fr\/temoignages\/\",\"name\":\"T\u00e9moignages | icad\",\"isPartOf\":{\"@id\":\"https:\/\/icad.dental\/#website\"},\"primaryImageOfPage\":{\"@id\":\"https:\/\/icad.dental\/fr\/temoignages\/#primaryimage\"},\"image\":{\"@id\":\"https:\/\/icad.dental\/fr\/temoignages\/#primaryimage\"},\"thumbnailUrl\":\"https:\/\/icad.dental\/wp-content\/uploads\/2025\/11\/DSC08319-min-1024x768.jpg\",\"datePublished\":\"2025-10-03T13:06:11+00:00\",\"dateModified\":\"2026-03-23T20:22:53+00:00\",\"breadcrumb\":{\"@id\":\"https:\/\/icad.dental\/fr\/temoignages\/#breadcrumb\"},\"inLanguage\":\"fr-FR\",\"potentialAction\":[{\"@type\":\"ReadAction\",\"target\":[\"https:\/\/icad.dental\/fr\/temoignages\/\"]}]},{\"@type\":\"ImageObject\",\"inLanguage\":\"fr-FR\",\"@id\":\"https:\/\/icad.dental\/fr\/temoignages\/#primaryimage\",\"url\":\"https:\/\/icad.dental\/wp-content\/uploads\/2025\/11\/DSC08319-min-1024x768.jpg\",\"contentUrl\":\"https:\/\/icad.dental\/wp-content\/uploads\/2025\/11\/DSC08319-min-1024x768.jpg\"},{\"@type\":\"BreadcrumbList\",\"@id\":\"https:\/\/icad.dental\/fr\/temoignages\/#breadcrumb\",\"itemListElement\":[{\"@type\":\"ListItem\",\"position\":1,\"name\":\"Home\",\"item\":\"https:\/\/icad.dental\/fr\/\"},{\"@type\":\"ListItem\",\"position\":2,\"name\":\"T\u00e9moignages\"}]},{\"@type\":\"WebSite\",\"@id\":\"https:\/\/icad.dental\/#website\",\"url\":\"https:\/\/icad.dental\/\",\"name\":\"iCad Dental | Computer Aided Design & 3D Print | Ottawa\",\"description\":\"A dedicated digital dentistry department that specializes in CAD &amp; 3D printing.\",\"publisher\":{\"@id\":\"https:\/\/icad.dental\/#organization\"},\"potentialAction\":[{\"@type\":\"SearchAction\",\"target\":{\"@type\":\"EntryPoint\",\"urlTemplate\":\"https:\/\/icad.dental\/?s={search_term_string}\"},\"query-input\":{\"@type\":\"PropertyValueSpecification\",\"valueRequired\":true,\"valueName\":\"search_term_string\"}}],\"inLanguage\":\"fr-FR\"},{\"@type\":\"Organization\",\"@id\":\"https:\/\/icad.dental\/#organization\",\"name\":\"iCad Dental | Computer Aided Design & 3D Print | Ottawa\",\"url\":\"https:\/\/icad.dental\/\",\"logo\":{\"@type\":\"ImageObject\",\"inLanguage\":\"fr-FR\",\"@id\":\"https:\/\/icad.dental\/#\/schema\/logo\/image\/\",\"url\":\"https:\/\/icad.dental\/wp-content\/uploads\/2025\/08\/icad_color.png\",\"contentUrl\":\"https:\/\/icad.dental\/wp-content\/uploads\/2025\/08\/icad_color.png\",\"width\":125,\"height\":56,\"caption\":\"iCad Dental | Computer Aided Design & 3D Print | Ottawa\"},\"image\":{\"@id\":\"https:\/\/icad.dental\/#\/schema\/logo\/image\/\"}}]}<\/script>\n<!-- \/ Yoast SEO plugin. -->","yoast_head_json":{"title":"T\u00e9moignages | icad","robots":{"index":"index","follow":"follow","max-snippet":"max-snippet:-1","max-image-preview":"max-image-preview:large","max-video-preview":"max-video-preview:-1"},"canonical":"https:\/\/icad.dental\/fr\/temoignages\/","og_locale":"fr_FR","og_type":"article","og_title":"T\u00e9moignages | icad","og_description":"T\u00e9moignages Nous sommes reconnaissants envers tous ceux qui ont partag\u00e9 leur exp\u00e9rience avec iCAD Dental, qu\u2019il s\u2019agisse de cliniciens ou de patients. Vos mots nous inspirent \u00e0 continuer de donner le meilleur de nous-m\u00eames. Vous souhaitez partager votre exp\u00e9rience avec iCAD Dental? Nous serions ravis de vous lire. laissez un commentaire","og_url":"https:\/\/icad.dental\/fr\/temoignages\/","og_site_name":"icad","article_modified_time":"2026-03-23T20:22:53+00:00","og_image":[{"width":2560,"height":1920,"url":"https:\/\/icad.dental\/wp-content\/uploads\/2025\/11\/DSC08319-min-scaled.jpg","type":"image\/jpeg"}],"twitter_card":"summary_large_image","twitter_misc":{"Dur\u00e9e de lecture estim\u00e9e":"1 minute"},"schema":{"@context":"https:\/\/schema.org","@graph":[{"@type":"WebPage","@id":"https:\/\/icad.dental\/fr\/temoignages\/","url":"https:\/\/icad.dental\/fr\/temoignages\/","name":"T\u00e9moignages | icad","isPartOf":{"@id":"https:\/\/icad.dental\/#website"},"primaryImageOfPage":{"@id":"https:\/\/icad.dental\/fr\/temoignages\/#primaryimage"},"image":{"@id":"https:\/\/icad.dental\/fr\/temoignages\/#primaryimage"},"thumbnailUrl":"https:\/\/icad.dental\/wp-content\/uploads\/2025\/11\/DSC08319-min-1024x768.jpg","datePublished":"2025-10-03T13:06:11+00:00","dateModified":"2026-03-23T20:22:53+00:00","breadcrumb":{"@id":"https:\/\/icad.dental\/fr\/temoignages\/#breadcrumb"},"inLanguage":"fr-FR","potentialAction":[{"@type":"ReadAction","target":["https:\/\/icad.dental\/fr\/temoignages\/"]}]},{"@type":"ImageObject","inLanguage":"fr-FR","@id":"https:\/\/icad.dental\/fr\/temoignages\/#primaryimage","url":"https:\/\/icad.dental\/wp-content\/uploads\/2025\/11\/DSC08319-min-1024x768.jpg","contentUrl":"https:\/\/icad.dental\/wp-content\/uploads\/2025\/11\/DSC08319-min-1024x768.jpg"},{"@type":"BreadcrumbList","@id":"https:\/\/icad.dental\/fr\/temoignages\/#breadcrumb","itemListElement":[{"@type":"ListItem","position":1,"name":"Home","item":"https:\/\/icad.dental\/fr\/"},{"@type":"ListItem","position":2,"name":"T\u00e9moignages"}]},{"@type":"WebSite","@id":"https:\/\/icad.dental\/#website","url":"https:\/\/icad.dental\/","name":"iCad Dental | Computer Aided Design & 3D Print | Ottawa","description":"A dedicated digital dentistry department that specializes in CAD &amp; 3D printing.","publisher":{"@id":"https:\/\/icad.dental\/#organization"},"potentialAction":[{"@type":"SearchAction","target":{"@type":"EntryPoint","urlTemplate":"https:\/\/icad.dental\/?s={search_term_string}"},"query-input":{"@type":"PropertyValueSpecification","valueRequired":true,"valueName":"search_term_string"}}],"inLanguage":"fr-FR"},{"@type":"Organization","@id":"https:\/\/icad.dental\/#organization","name":"iCad Dental | Computer Aided Design & 3D Print | Ottawa","url":"https:\/\/icad.dental\/","logo":{"@type":"ImageObject","inLanguage":"fr-FR","@id":"https:\/\/icad.dental\/#\/schema\/logo\/image\/","url":"https:\/\/icad.dental\/wp-content\/uploads\/2025\/08\/icad_color.png","contentUrl":"https:\/\/icad.dental\/wp-content\/uploads\/2025\/08\/icad_color.png","width":125,"height":56,"caption":"iCad Dental | Computer Aided Design & 3D Print | Ottawa"},"image":{"@id":"https:\/\/icad.dental\/#\/schema\/logo\/image\/"}}]}},"_links":{"self":[{"href":"https:\/\/icad.dental\/fr\/wp-json\/wp\/v2\/pages\/1081","targetHints":{"allow":["GET"]}}],"collection":[{"href":"https:\/\/icad.dental\/fr\/wp-json\/wp\/v2\/pages"}],"about":[{"href":"https:\/\/icad.dental\/fr\/wp-json\/wp\/v2\/types\/page"}],"author":[{"embeddable":true,"href":"https:\/\/icad.dental\/fr\/wp-json\/wp\/v2\/users\/1"}],"replies":[{"embeddable":true,"href":"https:\/\/icad.dental\/fr\/wp-json\/wp\/v2\/comments?post=1081"}],"version-history":[{"count":7,"href":"https:\/\/icad.dental\/fr\/wp-json\/wp\/v2\/pages\/1081\/revisions"}],"predecessor-version":[{"id":2048,"href":"https:\/\/icad.dental\/fr\/wp-json\/wp\/v2\/pages\/1081\/revisions\/2048"}],"wp:attachment":[{"href":"https:\/\/icad.dental\/fr\/wp-json\/wp\/v2\/media?parent=1081"}],"curies":[{"name":"wp","href":"https:\/\/api.w.org\/{rel}","templated":true}]}}