{"id":1084,"date":"2025-08-20T17:42:27","date_gmt":"2025-08-20T17:42:27","guid":{"rendered":"https:\/\/icad.local\/faq-2\/"},"modified":"2026-03-17T20:22:49","modified_gmt":"2026-03-17T20:22:49","slug":"faq","status":"publish","type":"page","link":"https:\/\/icad.dental\/fr\/faq\/","title":{"rendered":"FAQ"},"content":{"rendered":"\n<section class=\"wp-block-group alignfull banner_special general_padding_long has-white-background-color has-background is-layout-flow wp-block-group-is-layout-flow\">\n<h3 class=\"wp-block-heading alignfull has-slate-gray-color has-text-color has-link-color wp-elements-9225b2e5db45d1745af12ba76a0502a2\">FAQ<\/h3>\n\n\n\n<div style=\"height:4rem\" aria-hidden=\"true\" class=\"wp-block-spacer\"><\/div>\n\n\n\n<p>Vous avez des questions ? Nous sommes l\u00e0 pour vous aider.<\/p>\n\n\n\n<p>Voici quelques-unes des questions les plus fr\u00e9quemment pos\u00e9es par nos clients, notamment sur les d\u00e9lais de fabrication, le choix des mat\u00e9riaux et l\u2019envoi des cas.<\/p>\n\n\n\n<p><br>Vous ne trouvez pas ce que vous cherchez ? N\u2019h\u00e9sitez pas \u00e0 nous contacter \u2013 nous serons ravis de vous aider.<\/p>\n<\/section>\n\n\n\n<section class=\"wp-block-group alignfull general_padding_long is-layout-flow wp-block-group-is-layout-flow\"><div class=\"accordion_gutem wp-block-utopian-accordion-gutem\">\r\n    <button class=\"accordionToggle\">\r\n        <span class=\"title\">\r\n            Quels sont vos d\u00e9lais de traitement habituels pour diff\u00e9rents types de cas ?        <\/span>\r\n\r\n        <div class=\"icon_plus_minus\">\r\n            <span class=\"horizontal\"><\/span>\r\n            <span class=\"vertical\"><\/span>\r\n        <\/div>\r\n    <\/button>\r\n    <div class=\"accordionContent\">\r\n        \n\n<p>Nos d\u00e9lais standard en laboratoire sont les suivants :<\/p>\n\n\n\n<ul class=\"wp-block-list\">\n<li>Couronnes et bridges : 5 \u00e0 7 jours ouvrables<\/li>\n\n\n\n<li>Restaurations implantaires : 7 \u00e0 10 jours ouvrables<\/li>\n\n\n\n<li>Proth\u00e8ses amovibles (dentiers et partielles) : 10 \u00e0 12 jours ouvrables<\/li>\n\n\n\n<li>Goutti\u00e8res et appareillages : 5 jours ouvrables<\/li>\n\n\n\n<li>S\u00e9ances de teinte personnalis\u00e9e : planifi\u00e9es sous 2 \u00e0 3 jours ouvrables<\/li>\n<\/ul>\n\n\n\n<p>Le <strong>service express<\/strong> est disponible sur demande.<\/p>\n\n    <\/div>\r\n<\/div>\n\n<div class=\"accordion_gutem wp-block-utopian-accordion-gutem\">\r\n    <button class=\"accordionToggle\">\r\n        <span class=\"title\">\r\n            Acceptez-vous les empreintes num\u00e9riques\u202f? Quels syst\u00e8mes sont compatibles ?        <\/span>\r\n\r\n        <div class=\"icon_plus_minus\">\r\n            <span class=\"horizontal\"><\/span>\r\n            <span class=\"vertical\"><\/span>\r\n        <\/div>\r\n    <\/button>\r\n    <div class=\"accordionContent\">\r\n        \n\n<p>Oui, nous acceptons les fichiers num\u00e9riques (STL, PLY) provenant de tous les scanners intra-oraux, notamment :<\/p>\n\n\n\n<ul class=\"wp-block-list\">\n<li>iTero<\/li>\n\n\n\n<li>3Shape TRIOS<\/li>\n\n\n\n<li>Medit<\/li>\n\n\n\n<li>Carestream&nbsp;<\/li>\n<\/ul>\n\n\n\n<div style=\"height:1rem\" aria-hidden=\"true\" class=\"wp-block-spacer\"><\/div>\n\n\n\n<p>Veuillez nous contacter pour recevoir les protocoles de soumission sp\u00e9cifiques.<\/p>\n\n\n\n<div style=\"height:3rem\" aria-hidden=\"true\" class=\"wp-block-spacer\"><\/div>\n\n    <\/div>\r\n<\/div>\n\n<div class=\"accordion_gutem wp-block-utopian-accordion-gutem\">\r\n    <button class=\"accordionToggle\">\r\n        <span class=\"title\">\r\n            Puis-je prendre un rendez-vous pour une prise de teinte personnalis\u00e9e pour mon patient ?        <\/span>\r\n\r\n        <div class=\"icon_plus_minus\">\r\n            <span class=\"horizontal\"><\/span>\r\n            <span class=\"vertical\"><\/span>\r\n        <\/div>\r\n    <\/button>\r\n    <div class=\"accordionContent\">\r\n        \n\n<p>Absolument. Nous offrons des rendez-vous de prise de teinte personnalis\u00e9e en laboratoire avec nos techniciens certifi\u00e9s afin d\u2019assurer une correspondance pr\u00e9cise des couleurs, en particulier pour les restaurations ant\u00e9rieures. Les rendez-vous peuvent g\u00e9n\u00e9ralement \u00eatre fix\u00e9s dans un d\u00e9lai de 2 \u00e0 3 jours.<\/p>\n\n\n\n<div style=\"height:1rem\" aria-hidden=\"true\" class=\"wp-block-spacer\"><\/div>\n\n\n\n<p>Vous pouvez r\u00e9server par t\u00e9l\u00e9phone ou directement sur notre site web \u00e0 l\u2019aide du calendrier en ligne \u2013 il vous suffit de choisir la date et l\u2019heure qui vous conviennent.<\/p>\n\n\n\n<div style=\"height:3rem\" aria-hidden=\"true\" class=\"wp-block-spacer\"><\/div>\n\n    <\/div>\r\n<\/div>\n\n<div class=\"accordion_gutem wp-block-utopian-accordion-gutem\">\r\n    <button class=\"accordionToggle\">\r\n        <span class=\"title\">\r\n            Quels mat\u00e9riaux utilisez-vous pour vos restaurations ?        <\/span>\r\n\r\n        <div class=\"icon_plus_minus\">\r\n            <span class=\"horizontal\"><\/span>\r\n            <span class=\"vertical\"><\/span>\r\n        <\/div>\r\n    <\/button>\r\n    <div class=\"accordionContent\">\r\n        \n\n<p>Nous employons une s\u00e9lection de mat\u00e9riaux haut de gamme :<\/p>\n\n\n\n<ul class=\"wp-block-list\">\n<li>Zircone : Options monolithiques et stratifi\u00e9es (Noritake)<\/li>\n\n\n\n<li>Disilicate de lithium (p.\u202fex. IPS\u202fe.max) : Pour facettes et couronnes (Ivoclar)<\/li>\n\n\n\n<li>PFM : alliages non pr\u00e9cieux, semi-pr\u00e9cieux et nobles<\/li>\n\n\n\n<li>M\u00e9tal coul\u00e9 int\u00e9gral : Or et alliages non pr\u00e9cieux<\/li>\n\n\n\n<li>Acryliques : Pour proth\u00e8ses et restaurations temporaires<\/li>\n<\/ul>\n\n\n\n<div style=\"height:3rem\" aria-hidden=\"true\" class=\"wp-block-spacer\"><\/div>\n\n    <\/div>\r\n<\/div>\n\n<div class=\"accordion_gutem wp-block-utopian-accordion-gutem\">\r\n    <button class=\"accordionToggle\">\r\n        <span class=\"title\">\r\n            Proposez-vous des r\u00e9parations ou rebasages de proth\u00e8ses le jour m\u00eame ?        <\/span>\r\n\r\n        <div class=\"icon_plus_minus\">\r\n            <span class=\"horizontal\"><\/span>\r\n            <span class=\"vertical\"><\/span>\r\n        <\/div>\r\n    <\/button>\r\n    <div class=\"accordionContent\">\r\n        \n\n<p>Oui, nous assurons des services le jour m\u00eame pour les r\u00e9parations et rebasages de proth\u00e8ses. Merci de nous appeler \u00e0 l\u2019avance afin d\u2019assurer un traitement rapide.<\/p>\n\n\n\n<div style=\"height:3rem\" aria-hidden=\"true\" class=\"wp-block-spacer\"><\/div>\n\n    <\/div>\r\n<\/div>\n\n<div class=\"accordion_gutem wp-block-utopian-accordion-gutem\">\r\n    <button class=\"accordionToggle\">\r\n        <span class=\"title\">\r\n            Quelle est votre politique de garantie ?        <\/span>\r\n\r\n        <div class=\"icon_plus_minus\">\r\n            <span class=\"horizontal\"><\/span>\r\n            <span class=\"vertical\"><\/span>\r\n        <\/div>\r\n    <\/button>\r\n    <div class=\"accordionContent\">\r\n        \n\n<p>Chez iCAD Dental, nous garantissons la qualit\u00e9 de notre travail. Les garanties limit\u00e9es couvrent :<\/p>\n\n\n\n<p><strong>Garantie de 5 ans<\/strong><\/p>\n\n\n\n<p>Restaurations PFM, zirconie, m\u00e9tal coul\u00e9 int\u00e9gral et tout-c\u00e9ramique (d\u00e9fauts de mati\u00e8re ou de fabrication)<\/p>\n\n\n\n<p><strong>Garantie de 1 an<\/strong><\/p>\n\n\n\n<p>Pour proth\u00e8ses compl\u00e8tes, partielles flexibles ou m\u00e9talliques, ainsi que bridges Maryland (PFM, zirconie, E.max)<\/p>\n\n\n\n<p><strong>Garantie de 6 mois<\/strong><\/p>\n\n\n\n<p>Pour goutti\u00e8res occlusales (protecteurs nocturnes)<\/p>\n\n\n\n<p><strong>90-Day Warranty\u2028<\/strong><\/p>\n\n\n\n<p>Pour appareils orthodontiques tels que contentions Essix, Hawley et mainteneurs d\u2019espace<\/p>\n\n\n\n<div style=\"height:3rem\" aria-hidden=\"true\" class=\"wp-block-spacer\"><\/div>\n\n    <\/div>\r\n<\/div>\n\n<div class=\"accordion_gutem wp-block-utopian-accordion-gutem\">\r\n    <button class=\"accordionToggle\">\r\n        <span class=\"title\">\r\n            Comment puis-je envoyer un cas \u00e0 votre laboratoire ?        <\/span>\r\n\r\n        <div class=\"icon_plus_minus\">\r\n            <span class=\"horizontal\"><\/span>\r\n            <span class=\"vertical\"><\/span>\r\n        <\/div>\r\n    <\/button>\r\n    <div class=\"accordionContent\">\r\n        \n\n<p>Vous pouvez soumettre un cas via plusieurs moyens :<\/p>\n\n\n\n<ul class=\"wp-block-list\">\n<li><strong>Service de coursier<\/strong>: Contactez-nous pour planifier un enl\u00e8vement. Notre \u00e9quipe, compos\u00e9e de 5 chauffeurs, couvre Ottawa, Gatineau et environs pour un service le jour m\u00eame ou le jour ouvrable suivant.<br>Pour une collecte, appelez le +1 (613)\u202f567\u20116453<\/li>\n\n\n\n<li><strong>Courrier<\/strong>: Exp\u00e9diez \u00e0 l\u2019adresse de notre laboratoire avec la fiche de prescription compl\u00e9t\u00e9e<\/li>\n\n\n\n<li><strong>Soumission num\u00e9rique<\/strong>: T\u00e9l\u00e9versez les fichiers via votre scanner intra-oral<br><br><em><em>Remarque : un mod\u00e8le physique ou un scan num\u00e9rique doit tout de m\u00eame \u00eatre envoy\u00e9 au laboratoire.<\/em><\/em><\/li>\n<\/ul>\n\n\n\n<div style=\"height:1rem\" aria-hidden=\"true\" class=\"wp-block-spacer\"><\/div>\n\n\n\n<p>Assurez-vous que tous les cas incluent une fiche de prescription compl\u00e8te et les informations patient pertinentes.<\/p>\n\n\n\n<div style=\"height:3rem\" aria-hidden=\"true\" class=\"wp-block-spacer\"><\/div>\n\n    <\/div>\r\n<\/div>\n\n<div class=\"accordion_gutem wp-block-utopian-accordion-gutem\">\r\n    <button class=\"accordionToggle\">\r\n        <span class=\"title\">\r\n            Proposez-vous de l\u2019assistance pour la planification de cas ?        <\/span>\r\n\r\n        <div class=\"icon_plus_minus\">\r\n            <span class=\"horizontal\"><\/span>\r\n            <span class=\"vertical\"><\/span>\r\n        <\/div>\r\n    <\/button>\r\n    <div class=\"accordionContent\">\r\n        \n\n<p>Oui, notre \u00e9quipe exp\u00e9riment\u00e9e offre un soutien pour la planification de cas, notamment :<\/p>\n\n\n\n<ul class=\"wp-block-list\">\n<li>Analyse et discussion des traitements<\/li>\n\n\n\n<li>Conseils sur le choix des mat\u00e9riaux<\/li>\n<\/ul>\n\n\n\n<div style=\"height:1rem\" aria-hidden=\"true\" class=\"wp-block-spacer\"><\/div>\n\n\n\n<p>Contactez-nous pour planifier une consultation.<\/p>\n\n\n\n<div style=\"height:3rem\" aria-hidden=\"true\" class=\"wp-block-spacer\"><\/div>\n\n    <\/div>\r\n<\/div>\n\n<div class=\"accordion_gutem wp-block-utopian-accordion-gutem\">\r\n    <button class=\"accordionToggle\">\r\n        <span class=\"title\">\r\n            Quelles sont les options de paiement disponibles ?        <\/span>\r\n\r\n        <div class=\"icon_plus_minus\">\r\n            <span class=\"horizontal\"><\/span>\r\n            <span class=\"vertical\"><\/span>\r\n        <\/div>\r\n    <\/button>\r\n    <div class=\"accordionContent\">\r\n        \n\n<p>Pour votre commodit\u00e9, nous acceptons :<\/p>\n\n\n\n<ul class=\"wp-block-list\">\n<li>D\u00e9p\u00f4t direct<\/li>\n\n\n\n<li>Carte de cr\u00e9dit<\/li>\n\n\n\n<li>Ch\u00e8que<\/li>\n\n\n\n<li>Virement \u00e9lectronique (EFT)<\/li>\n<\/ul>\n\n\n\n<div style=\"height:1rem\" aria-hidden=\"true\" class=\"wp-block-spacer\"><\/div>\n\n\n\n<p>Les factures sont \u00e9mises par cas et des relev\u00e9s mensuels sont envoy\u00e9s.<\/p>\n\n\n\n<div style=\"height:3rem\" aria-hidden=\"true\" class=\"wp-block-spacer\"><\/div>\n\n    <\/div>\r\n<\/div>\n\n<div class=\"accordion_gutem wp-block-utopian-accordion-gutem\">\r\n    <button class=\"accordionToggle\">\r\n        <span class=\"title\">\r\n            Comment contacter le service client\u00e8le ?        <\/span>\r\n\r\n        <div class=\"icon_plus_minus\">\r\n            <span class=\"horizontal\"><\/span>\r\n            <span class=\"vertical\"><\/span>\r\n        <\/div>\r\n    <\/button>\r\n    <div class=\"accordionContent\">\r\n        \n\n<p>Pour toute demande ou assistance, vous pouvez nous joindre par :<\/p>\n\n\n\n<ul class=\"wp-block-list\">\n<li><strong>T\u00e9l\u00e9phone<\/strong>: <a href=\"te:+16135676453\">+ 1 (613) 567-6453<\/a><\/li>\n\n\n\n<li>Courriel: <a href=\"mailto:orders@icad.dental\">orders@icad.dental<\/a><\/li>\n<\/ul>\n\n\n\n<div style=\"height:1rem\" aria-hidden=\"true\" class=\"wp-block-spacer\"><\/div>\n\n\n\n<div style=\"height:3rem\" aria-hidden=\"true\" class=\"wp-block-spacer\"><\/div>\n\n    <\/div>\r\n<\/div>\n\n\n<div style=\"height:4rem\" aria-hidden=\"true\" class=\"wp-block-spacer\"><\/div>\n\n\n\n<p class=\"has-cyan-blue-color has-text-color has-link-color wp-elements-639cdd8a7889869beca76857c4b832a4\"><strong>Vous avez encore des questions ?<\/strong><\/p>\n\n\n\n<div style=\"height:2rem\" aria-hidden=\"true\" class=\"wp-block-spacer\"><\/div>\n\n\n\n<p>Cette section FAQ vise \u00e0 r\u00e9pondre aux questions les plus fr\u00e9quentes et \u00e0 clarifier nos services. Si vous avez besoin de plus d\u2019informations ou d\u2019un accompagnement personnalis\u00e9, n\u2019h\u00e9sitez pas \u00e0 nous contacter \u2013\u00a0 notre \u00e9quipe est toujours \u00e0 votre disposition..<\/p>\n<\/section>\n\n\n\n<section class=\"wp-block-group alignfull content_image padding_generali is-layout-flow wp-block-group-is-layout-flow\">\n<div class=\"wp-block-group wrapper_content is-layout-flow wp-block-group-is-layout-flow\">\n<figure class=\"wp-block-image size-large image-fixed-animation-auto\"><img decoding=\"async\" width=\"1024\" height=\"265\" src=\"https:\/\/icad.dental\/wp-content\/uploads\/2025\/10\/bg_barre-1024x265.png\" alt=\"\" class=\"wp-image-835\" srcset=\"https:\/\/icad.dental\/wp-content\/uploads\/2025\/10\/bg_barre-1024x265.png 1024w, https:\/\/icad.dental\/wp-content\/uploads\/2025\/10\/bg_barre-300x78.png 300w, https:\/\/icad.dental\/wp-content\/uploads\/2025\/10\/bg_barre-768x199.png 768w, https:\/\/icad.dental\/wp-content\/uploads\/2025\/10\/bg_barre-1536x397.png 1536w, https:\/\/icad.dental\/wp-content\/uploads\/2025\/10\/bg_barre.png 1760w\" sizes=\"(max-width: 1024px) 100vw, 1024px\" \/><\/figure>\n\n\n\n<div class=\"wp-block-group float_content is-layout-flow wp-block-group-is-layout-flow\">\n<h3 class=\"wp-block-heading has-text-align-center has-light-gray-color has-text-color has-link-color wp-elements-38ea73118e35f13fa4ff7fee8b32a1d3\" style=\"font-style:normal;font-weight:200\">Besoin d&rsquo;aide? ou avez-vous des questions?<\/h3>\n\n\n\n<div class=\"wp-block-buttons v1 is-content-justification-center is-layout-flex wp-container-core-buttons-is-layout-a89b3969 wp-block-buttons-is-layout-flex\">\n<div class=\"wp-block-button\"><a class=\"wp-block-button__link wp-element-button\" href=\"https:\/\/icad.dental\/fr\/contactez-nous\/\">Contactez-nous<\/a><\/div>\n<\/div>\n<\/div>\n<\/div>\n<\/section>\n\n\n\n<div style=\"height:6rem\" aria-hidden=\"true\" class=\"wp-block-spacer\"><\/div>\n","protected":false},"excerpt":{"rendered":"<p>FAQ Vous avez des questions ? Nous sommes l\u00e0 pour vous aider. Voici quelques-unes des questions les plus fr\u00e9quemment pos\u00e9es par nos clients, notamment sur les d\u00e9lais de fabrication, le choix des mat\u00e9riaux et l\u2019envoi des cas. Vous ne trouvez pas ce que vous cherchez ? N\u2019h\u00e9sitez pas \u00e0 nous contacter \u2013 nous serons ravis [&hellip;]<\/p>\n","protected":false},"author":1,"featured_media":0,"parent":0,"menu_order":0,"comment_status":"closed","ping_status":"closed","template":"","meta":{"_acf_changed":false,"inline_featured_image":false,"footnotes":""},"class_list":["post-1084","page","type-page","status-publish","hentry"],"acf":[],"yoast_head":"<!-- This site is optimized with the Yoast SEO plugin v27.2 - https:\/\/yoast.com\/product\/yoast-seo-wordpress\/ -->\n<title>FAQ | icad<\/title>\n<meta name=\"robots\" content=\"index, follow, max-snippet:-1, max-image-preview:large, max-video-preview:-1\" \/>\n<link rel=\"canonical\" href=\"https:\/\/icad.dental\/fr\/faq\/\" \/>\n<meta property=\"og:locale\" content=\"fr_FR\" \/>\n<meta property=\"og:type\" content=\"article\" \/>\n<meta property=\"og:title\" content=\"FAQ | icad\" \/>\n<meta property=\"og:description\" content=\"FAQ Vous avez des questions ? Nous sommes l\u00e0 pour vous aider. Voici quelques-unes des questions les plus fr\u00e9quemment pos\u00e9es par nos clients, notamment sur les d\u00e9lais de fabrication, le choix des mat\u00e9riaux et l\u2019envoi des cas. Vous ne trouvez pas ce que vous cherchez ? N\u2019h\u00e9sitez pas \u00e0 nous contacter \u2013 nous serons ravis [&hellip;]\" \/>\n<meta property=\"og:url\" content=\"https:\/\/icad.dental\/fr\/faq\/\" \/>\n<meta property=\"og:site_name\" content=\"icad\" \/>\n<meta property=\"article:modified_time\" content=\"2026-03-17T20:22:49+00:00\" \/>\n<meta property=\"og:image\" content=\"https:\/\/icad.dental\/wp-content\/uploads\/2025\/10\/bg_barre.png\" \/>\n\t<meta property=\"og:image:width\" content=\"1760\" \/>\n\t<meta property=\"og:image:height\" content=\"455\" \/>\n\t<meta property=\"og:image:type\" content=\"image\/png\" \/>\n<meta name=\"twitter:card\" content=\"summary_large_image\" \/>\n<meta name=\"twitter:label1\" content=\"Dur\u00e9e de lecture estim\u00e9e\" \/>\n\t<meta name=\"twitter:data1\" content=\"3 minutes\" \/>\n<script type=\"application\/ld+json\" class=\"yoast-schema-graph\">{\"@context\":\"https:\/\/schema.org\",\"@graph\":[{\"@type\":\"WebPage\",\"@id\":\"https:\/\/icad.dental\/fr\/faq\/\",\"url\":\"https:\/\/icad.dental\/fr\/faq\/\",\"name\":\"FAQ | icad\",\"isPartOf\":{\"@id\":\"https:\/\/icad.dental\/#website\"},\"primaryImageOfPage\":{\"@id\":\"https:\/\/icad.dental\/fr\/faq\/#primaryimage\"},\"image\":{\"@id\":\"https:\/\/icad.dental\/fr\/faq\/#primaryimage\"},\"thumbnailUrl\":\"https:\/\/icad.dental\/wp-content\/uploads\/2025\/10\/bg_barre-1024x265.png\",\"datePublished\":\"2025-08-20T17:42:27+00:00\",\"dateModified\":\"2026-03-17T20:22:49+00:00\",\"breadcrumb\":{\"@id\":\"https:\/\/icad.dental\/fr\/faq\/#breadcrumb\"},\"inLanguage\":\"fr-FR\",\"potentialAction\":[{\"@type\":\"ReadAction\",\"target\":[\"https:\/\/icad.dental\/fr\/faq\/\"]}]},{\"@type\":\"ImageObject\",\"inLanguage\":\"fr-FR\",\"@id\":\"https:\/\/icad.dental\/fr\/faq\/#primaryimage\",\"url\":\"https:\/\/icad.dental\/wp-content\/uploads\/2025\/10\/bg_barre-1024x265.png\",\"contentUrl\":\"https:\/\/icad.dental\/wp-content\/uploads\/2025\/10\/bg_barre-1024x265.png\"},{\"@type\":\"BreadcrumbList\",\"@id\":\"https:\/\/icad.dental\/fr\/faq\/#breadcrumb\",\"itemListElement\":[{\"@type\":\"ListItem\",\"position\":1,\"name\":\"Home\",\"item\":\"https:\/\/icad.dental\/fr\/\"},{\"@type\":\"ListItem\",\"position\":2,\"name\":\"FAQ\"}]},{\"@type\":\"WebSite\",\"@id\":\"https:\/\/icad.dental\/#website\",\"url\":\"https:\/\/icad.dental\/\",\"name\":\"iCad Dental | Computer Aided Design & 3D Print | Ottawa\",\"description\":\"A dedicated digital dentistry department that specializes in CAD &amp; 3D printing.\",\"publisher\":{\"@id\":\"https:\/\/icad.dental\/#organization\"},\"potentialAction\":[{\"@type\":\"SearchAction\",\"target\":{\"@type\":\"EntryPoint\",\"urlTemplate\":\"https:\/\/icad.dental\/?s={search_term_string}\"},\"query-input\":{\"@type\":\"PropertyValueSpecification\",\"valueRequired\":true,\"valueName\":\"search_term_string\"}}],\"inLanguage\":\"fr-FR\"},{\"@type\":\"Organization\",\"@id\":\"https:\/\/icad.dental\/#organization\",\"name\":\"iCad Dental | Computer Aided Design & 3D Print | Ottawa\",\"url\":\"https:\/\/icad.dental\/\",\"logo\":{\"@type\":\"ImageObject\",\"inLanguage\":\"fr-FR\",\"@id\":\"https:\/\/icad.dental\/#\/schema\/logo\/image\/\",\"url\":\"https:\/\/icad.dental\/wp-content\/uploads\/2025\/08\/icad_color.png\",\"contentUrl\":\"https:\/\/icad.dental\/wp-content\/uploads\/2025\/08\/icad_color.png\",\"width\":125,\"height\":56,\"caption\":\"iCad Dental | Computer Aided Design & 3D Print | Ottawa\"},\"image\":{\"@id\":\"https:\/\/icad.dental\/#\/schema\/logo\/image\/\"}}]}<\/script>\n<!-- \/ Yoast SEO plugin. -->","yoast_head_json":{"title":"FAQ | icad","robots":{"index":"index","follow":"follow","max-snippet":"max-snippet:-1","max-image-preview":"max-image-preview:large","max-video-preview":"max-video-preview:-1"},"canonical":"https:\/\/icad.dental\/fr\/faq\/","og_locale":"fr_FR","og_type":"article","og_title":"FAQ | icad","og_description":"FAQ Vous avez des questions ? Nous sommes l\u00e0 pour vous aider. Voici quelques-unes des questions les plus fr\u00e9quemment pos\u00e9es par nos clients, notamment sur les d\u00e9lais de fabrication, le choix des mat\u00e9riaux et l\u2019envoi des cas. Vous ne trouvez pas ce que vous cherchez ? N\u2019h\u00e9sitez pas \u00e0 nous contacter \u2013 nous serons ravis [&hellip;]","og_url":"https:\/\/icad.dental\/fr\/faq\/","og_site_name":"icad","article_modified_time":"2026-03-17T20:22:49+00:00","og_image":[{"width":1760,"height":455,"url":"https:\/\/icad.dental\/wp-content\/uploads\/2025\/10\/bg_barre.png","type":"image\/png"}],"twitter_card":"summary_large_image","twitter_misc":{"Dur\u00e9e de lecture estim\u00e9e":"3 minutes"},"schema":{"@context":"https:\/\/schema.org","@graph":[{"@type":"WebPage","@id":"https:\/\/icad.dental\/fr\/faq\/","url":"https:\/\/icad.dental\/fr\/faq\/","name":"FAQ | icad","isPartOf":{"@id":"https:\/\/icad.dental\/#website"},"primaryImageOfPage":{"@id":"https:\/\/icad.dental\/fr\/faq\/#primaryimage"},"image":{"@id":"https:\/\/icad.dental\/fr\/faq\/#primaryimage"},"thumbnailUrl":"https:\/\/icad.dental\/wp-content\/uploads\/2025\/10\/bg_barre-1024x265.png","datePublished":"2025-08-20T17:42:27+00:00","dateModified":"2026-03-17T20:22:49+00:00","breadcrumb":{"@id":"https:\/\/icad.dental\/fr\/faq\/#breadcrumb"},"inLanguage":"fr-FR","potentialAction":[{"@type":"ReadAction","target":["https:\/\/icad.dental\/fr\/faq\/"]}]},{"@type":"ImageObject","inLanguage":"fr-FR","@id":"https:\/\/icad.dental\/fr\/faq\/#primaryimage","url":"https:\/\/icad.dental\/wp-content\/uploads\/2025\/10\/bg_barre-1024x265.png","contentUrl":"https:\/\/icad.dental\/wp-content\/uploads\/2025\/10\/bg_barre-1024x265.png"},{"@type":"BreadcrumbList","@id":"https:\/\/icad.dental\/fr\/faq\/#breadcrumb","itemListElement":[{"@type":"ListItem","position":1,"name":"Home","item":"https:\/\/icad.dental\/fr\/"},{"@type":"ListItem","position":2,"name":"FAQ"}]},{"@type":"WebSite","@id":"https:\/\/icad.dental\/#website","url":"https:\/\/icad.dental\/","name":"iCad Dental | Computer Aided Design & 3D Print | Ottawa","description":"A dedicated digital dentistry department that specializes in CAD &amp; 3D printing.","publisher":{"@id":"https:\/\/icad.dental\/#organization"},"potentialAction":[{"@type":"SearchAction","target":{"@type":"EntryPoint","urlTemplate":"https:\/\/icad.dental\/?s={search_term_string}"},"query-input":{"@type":"PropertyValueSpecification","valueRequired":true,"valueName":"search_term_string"}}],"inLanguage":"fr-FR"},{"@type":"Organization","@id":"https:\/\/icad.dental\/#organization","name":"iCad Dental | Computer Aided Design & 3D Print | Ottawa","url":"https:\/\/icad.dental\/","logo":{"@type":"ImageObject","inLanguage":"fr-FR","@id":"https:\/\/icad.dental\/#\/schema\/logo\/image\/","url":"https:\/\/icad.dental\/wp-content\/uploads\/2025\/08\/icad_color.png","contentUrl":"https:\/\/icad.dental\/wp-content\/uploads\/2025\/08\/icad_color.png","width":125,"height":56,"caption":"iCad Dental | Computer Aided Design & 3D Print | Ottawa"},"image":{"@id":"https:\/\/icad.dental\/#\/schema\/logo\/image\/"}}]}},"_links":{"self":[{"href":"https:\/\/icad.dental\/fr\/wp-json\/wp\/v2\/pages\/1084","targetHints":{"allow":["GET"]}}],"collection":[{"href":"https:\/\/icad.dental\/fr\/wp-json\/wp\/v2\/pages"}],"about":[{"href":"https:\/\/icad.dental\/fr\/wp-json\/wp\/v2\/types\/page"}],"author":[{"embeddable":true,"href":"https:\/\/icad.dental\/fr\/wp-json\/wp\/v2\/users\/1"}],"replies":[{"embeddable":true,"href":"https:\/\/icad.dental\/fr\/wp-json\/wp\/v2\/comments?post=1084"}],"version-history":[{"count":4,"href":"https:\/\/icad.dental\/fr\/wp-json\/wp\/v2\/pages\/1084\/revisions"}],"predecessor-version":[{"id":2035,"href":"https:\/\/icad.dental\/fr\/wp-json\/wp\/v2\/pages\/1084\/revisions\/2035"}],"wp:attachment":[{"href":"https:\/\/icad.dental\/fr\/wp-json\/wp\/v2\/media?parent=1084"}],"curies":[{"name":"wp","href":"https:\/\/api.w.org\/{rel}","templated":true}]}}