{"id":1866,"date":"2025-12-23T15:30:08","date_gmt":"2025-12-23T15:30:08","guid":{"rendered":"https:\/\/icad.dental\/book-now\/"},"modified":"2026-02-19T21:29:27","modified_gmt":"2026-02-19T21:29:27","slug":"reservez-maintenant","status":"publish","type":"page","link":"https:\/\/icad.dental\/fr\/reservez-maintenant\/","title":{"rendered":"R\u00e9servez maintenant"},"content":{"rendered":"\n<section class=\"wp-block-group alignfull general_padding hero-banner dark is-layout-flow wp-block-group-is-layout-flow\">\n<figure class=\"wp-block-image size-large overlay-bg image-fixed-animation d-none\"><img decoding=\"async\" width=\"1024\" height=\"768\" src=\"https:\/\/icad.dental\/wp-content\/uploads\/2025\/11\/All-team-1816-min-1024x768.jpg\" alt=\"\" class=\"wp-image-1289\" srcset=\"https:\/\/icad.dental\/wp-content\/uploads\/2025\/11\/All-team-1816-min-1024x768.jpg 1024w, https:\/\/icad.dental\/wp-content\/uploads\/2025\/11\/All-team-1816-min-300x225.jpg 300w, https:\/\/icad.dental\/wp-content\/uploads\/2025\/11\/All-team-1816-min-768x576.jpg 768w, https:\/\/icad.dental\/wp-content\/uploads\/2025\/11\/All-team-1816-min-1536x1152.jpg 1536w, https:\/\/icad.dental\/wp-content\/uploads\/2025\/11\/All-team-1816-min-2048x1536.jpg 2048w\" sizes=\"(max-width: 1024px) 100vw, 1024px\" \/><\/figure>\n\n\n\n<figure class=\"wp-block-video overlay-bg image-fixed-animation\"><video height=\"1080\" style=\"aspect-ratio: 1920 \/ 1080;\" width=\"1920\" autoplay loop muted src=\"https:\/\/icad.dental\/wp-content\/uploads\/2025\/11\/customerservice.mp4\" playsinline><\/video><\/figure>\n\n\n\n<div class=\"overlay_effect\"\n    style=\"background-color: rgba(71, 76, 85, 0.8); mix-blend-mode: multiply;\">\n<\/div>\n\n\n<div class=\"wp-block-group alignfull content_text_hero two_columns is-layout-flow wp-block-group-is-layout-flow\">\n<p class=\"has-light-gray-color has-text-color has-link-color wp-elements-ea6e25008d396891e32025d02f156065\">R\u00e9servez maintenant<\/p>\n\n\n\n<div style=\"height:2rem\" aria-hidden=\"true\" class=\"wp-block-spacer\"><\/div>\n\n\n\n<div class=\"wp-block-columns is-layout-flex wp-container-core-columns-is-layout-28f84493 wp-block-columns-is-layout-flex\">\n<div class=\"wp-block-column is-layout-flow wp-block-column-is-layout-flow\" style=\"flex-basis:45%\">\n<h1 class=\"wp-block-heading has-text-align-left has-light-gray-color has-text-color has-link-color wp-elements-fda1ca1b5d979a9cf7e2648583e2bb8f\" id=\"dynamicTitle\" style=\"font-style:normal;font-weight:300;text-transform:uppercase\">Innover des sourires, ensemble<\/h1>\n\n\n\n<div class=\"wp-block-buttons v1 d-none is-content-justification-center is-layout-flex wp-container-core-buttons-is-layout-a89b3969 wp-block-buttons-is-layout-flex\">\n<div class=\"wp-block-button\"><a class=\"wp-block-button__link wp-element-button\" href=\"\/\">Learn more<\/a><\/div>\n<\/div>\n<\/div>\n\n\n\n<div class=\"wp-block-column is-layout-flow wp-block-column-is-layout-flow\" style=\"flex-basis:38%\">\n<p class=\"has-gris-fond-color has-text-color has-link-color wp-elements-19d3c3a4deff19432f522903bd7d318c\">D\u00e9couvrez comment ICAD con\u00e7oit et fabrique des dispositifs dentaires de haute qualit\u00e9, adapt\u00e9s \u00e0 la dentisterie moderne.<\/p>\n<\/div>\n<\/div>\n<\/div>\n<\/section>\n\n\n\n<div class=\"wp-block-group alignfull padding_general is-layout-flow wp-block-group-is-layout-flow\">\n<iframe src='https:\/\/outlook.office.com\/book\/appointment@icad.dental\/?ismsaljsauthenabled' width='100%' height='1800' scrolling='yes' style='border:0'><\/iframe>\n<\/div>\n","protected":false},"excerpt":{"rendered":"<p>R\u00e9servez maintenant Innover des sourires, ensemble D\u00e9couvrez comment ICAD con\u00e7oit et fabrique des dispositifs dentaires de haute qualit\u00e9, adapt\u00e9s \u00e0 la dentisterie moderne.<\/p>\n","protected":false},"author":1,"featured_media":0,"parent":0,"menu_order":0,"comment_status":"closed","ping_status":"closed","template":"","meta":{"_acf_changed":false,"inline_featured_image":false,"footnotes":""},"class_list":["post-1866","page","type-page","status-publish","hentry"],"acf":[],"yoast_head":"<!-- This site is optimized with the Yoast SEO plugin v27.2 - https:\/\/yoast.com\/product\/yoast-seo-wordpress\/ -->\n<title>R\u00e9servez maintenant | icad<\/title>\n<meta name=\"robots\" content=\"index, follow, max-snippet:-1, max-image-preview:large, max-video-preview:-1\" \/>\n<link rel=\"canonical\" href=\"https:\/\/icad.dental\/fr\/reservez-maintenant\/\" \/>\n<meta property=\"og:locale\" content=\"fr_FR\" \/>\n<meta property=\"og:type\" content=\"article\" \/>\n<meta property=\"og:title\" content=\"R\u00e9servez maintenant | icad\" \/>\n<meta property=\"og:description\" content=\"R\u00e9servez maintenant Innover des sourires, ensemble D\u00e9couvrez comment ICAD con\u00e7oit et fabrique des dispositifs dentaires de haute qualit\u00e9, adapt\u00e9s \u00e0 la dentisterie moderne.\" \/>\n<meta property=\"og:url\" content=\"https:\/\/icad.dental\/fr\/reservez-maintenant\/\" \/>\n<meta property=\"og:site_name\" content=\"icad\" \/>\n<meta property=\"article:modified_time\" content=\"2026-02-19T21:29:27+00:00\" \/>\n<meta property=\"og:image\" content=\"https:\/\/icad.dental\/wp-content\/uploads\/2025\/11\/All-team-1816-min-scaled.jpg\" \/>\n\t<meta property=\"og:image:width\" content=\"2560\" \/>\n\t<meta property=\"og:image:height\" content=\"1920\" \/>\n\t<meta property=\"og:image:type\" content=\"image\/jpeg\" \/>\n<meta name=\"twitter:card\" content=\"summary_large_image\" \/>\n<meta name=\"twitter:label1\" content=\"Dur\u00e9e de lecture estim\u00e9e\" \/>\n\t<meta name=\"twitter:data1\" content=\"1 minute\" \/>\n<script type=\"application\/ld+json\" class=\"yoast-schema-graph\">{\"@context\":\"https:\/\/schema.org\",\"@graph\":[{\"@type\":\"WebPage\",\"@id\":\"https:\/\/icad.dental\/fr\/reservez-maintenant\/\",\"url\":\"https:\/\/icad.dental\/fr\/reservez-maintenant\/\",\"name\":\"R\u00e9servez maintenant | icad\",\"isPartOf\":{\"@id\":\"https:\/\/icad.dental\/#website\"},\"primaryImageOfPage\":{\"@id\":\"https:\/\/icad.dental\/fr\/reservez-maintenant\/#primaryimage\"},\"image\":{\"@id\":\"https:\/\/icad.dental\/fr\/reservez-maintenant\/#primaryimage\"},\"thumbnailUrl\":\"https:\/\/icad.dental\/wp-content\/uploads\/2025\/11\/All-team-1816-min-1024x768.jpg\",\"datePublished\":\"2025-12-23T15:30:08+00:00\",\"dateModified\":\"2026-02-19T21:29:27+00:00\",\"breadcrumb\":{\"@id\":\"https:\/\/icad.dental\/fr\/reservez-maintenant\/#breadcrumb\"},\"inLanguage\":\"fr-FR\",\"potentialAction\":[{\"@type\":\"ReadAction\",\"target\":[\"https:\/\/icad.dental\/fr\/reservez-maintenant\/\"]}]},{\"@type\":\"ImageObject\",\"inLanguage\":\"fr-FR\",\"@id\":\"https:\/\/icad.dental\/fr\/reservez-maintenant\/#primaryimage\",\"url\":\"https:\/\/icad.dental\/wp-content\/uploads\/2025\/11\/All-team-1816-min-1024x768.jpg\",\"contentUrl\":\"https:\/\/icad.dental\/wp-content\/uploads\/2025\/11\/All-team-1816-min-1024x768.jpg\"},{\"@type\":\"BreadcrumbList\",\"@id\":\"https:\/\/icad.dental\/fr\/reservez-maintenant\/#breadcrumb\",\"itemListElement\":[{\"@type\":\"ListItem\",\"position\":1,\"name\":\"Home\",\"item\":\"https:\/\/icad.dental\/fr\/\"},{\"@type\":\"ListItem\",\"position\":2,\"name\":\"R\u00e9servez maintenant\"}]},{\"@type\":\"WebSite\",\"@id\":\"https:\/\/icad.dental\/#website\",\"url\":\"https:\/\/icad.dental\/\",\"name\":\"iCad Dental | Computer Aided Design & 3D Print | Ottawa\",\"description\":\"A dedicated digital dentistry department that specializes in CAD &amp; 3D printing.\",\"publisher\":{\"@id\":\"https:\/\/icad.dental\/#organization\"},\"potentialAction\":[{\"@type\":\"SearchAction\",\"target\":{\"@type\":\"EntryPoint\",\"urlTemplate\":\"https:\/\/icad.dental\/?s={search_term_string}\"},\"query-input\":{\"@type\":\"PropertyValueSpecification\",\"valueRequired\":true,\"valueName\":\"search_term_string\"}}],\"inLanguage\":\"fr-FR\"},{\"@type\":\"Organization\",\"@id\":\"https:\/\/icad.dental\/#organization\",\"name\":\"iCad Dental | Computer Aided Design & 3D Print | Ottawa\",\"url\":\"https:\/\/icad.dental\/\",\"logo\":{\"@type\":\"ImageObject\",\"inLanguage\":\"fr-FR\",\"@id\":\"https:\/\/icad.dental\/#\/schema\/logo\/image\/\",\"url\":\"https:\/\/icad.dental\/wp-content\/uploads\/2025\/08\/icad_color.png\",\"contentUrl\":\"https:\/\/icad.dental\/wp-content\/uploads\/2025\/08\/icad_color.png\",\"width\":125,\"height\":56,\"caption\":\"iCad Dental | Computer Aided Design & 3D Print | Ottawa\"},\"image\":{\"@id\":\"https:\/\/icad.dental\/#\/schema\/logo\/image\/\"}}]}<\/script>\n<!-- \/ Yoast SEO plugin. -->","yoast_head_json":{"title":"R\u00e9servez maintenant | icad","robots":{"index":"index","follow":"follow","max-snippet":"max-snippet:-1","max-image-preview":"max-image-preview:large","max-video-preview":"max-video-preview:-1"},"canonical":"https:\/\/icad.dental\/fr\/reservez-maintenant\/","og_locale":"fr_FR","og_type":"article","og_title":"R\u00e9servez maintenant | icad","og_description":"R\u00e9servez maintenant Innover des sourires, ensemble D\u00e9couvrez comment ICAD con\u00e7oit et fabrique des dispositifs dentaires de haute qualit\u00e9, adapt\u00e9s \u00e0 la dentisterie moderne.","og_url":"https:\/\/icad.dental\/fr\/reservez-maintenant\/","og_site_name":"icad","article_modified_time":"2026-02-19T21:29:27+00:00","og_image":[{"width":2560,"height":1920,"url":"https:\/\/icad.dental\/wp-content\/uploads\/2025\/11\/All-team-1816-min-scaled.jpg","type":"image\/jpeg"}],"twitter_card":"summary_large_image","twitter_misc":{"Dur\u00e9e de lecture estim\u00e9e":"1 minute"},"schema":{"@context":"https:\/\/schema.org","@graph":[{"@type":"WebPage","@id":"https:\/\/icad.dental\/fr\/reservez-maintenant\/","url":"https:\/\/icad.dental\/fr\/reservez-maintenant\/","name":"R\u00e9servez maintenant | icad","isPartOf":{"@id":"https:\/\/icad.dental\/#website"},"primaryImageOfPage":{"@id":"https:\/\/icad.dental\/fr\/reservez-maintenant\/#primaryimage"},"image":{"@id":"https:\/\/icad.dental\/fr\/reservez-maintenant\/#primaryimage"},"thumbnailUrl":"https:\/\/icad.dental\/wp-content\/uploads\/2025\/11\/All-team-1816-min-1024x768.jpg","datePublished":"2025-12-23T15:30:08+00:00","dateModified":"2026-02-19T21:29:27+00:00","breadcrumb":{"@id":"https:\/\/icad.dental\/fr\/reservez-maintenant\/#breadcrumb"},"inLanguage":"fr-FR","potentialAction":[{"@type":"ReadAction","target":["https:\/\/icad.dental\/fr\/reservez-maintenant\/"]}]},{"@type":"ImageObject","inLanguage":"fr-FR","@id":"https:\/\/icad.dental\/fr\/reservez-maintenant\/#primaryimage","url":"https:\/\/icad.dental\/wp-content\/uploads\/2025\/11\/All-team-1816-min-1024x768.jpg","contentUrl":"https:\/\/icad.dental\/wp-content\/uploads\/2025\/11\/All-team-1816-min-1024x768.jpg"},{"@type":"BreadcrumbList","@id":"https:\/\/icad.dental\/fr\/reservez-maintenant\/#breadcrumb","itemListElement":[{"@type":"ListItem","position":1,"name":"Home","item":"https:\/\/icad.dental\/fr\/"},{"@type":"ListItem","position":2,"name":"R\u00e9servez maintenant"}]},{"@type":"WebSite","@id":"https:\/\/icad.dental\/#website","url":"https:\/\/icad.dental\/","name":"iCad Dental | Computer Aided Design & 3D Print | Ottawa","description":"A dedicated digital dentistry department that specializes in CAD &amp; 3D printing.","publisher":{"@id":"https:\/\/icad.dental\/#organization"},"potentialAction":[{"@type":"SearchAction","target":{"@type":"EntryPoint","urlTemplate":"https:\/\/icad.dental\/?s={search_term_string}"},"query-input":{"@type":"PropertyValueSpecification","valueRequired":true,"valueName":"search_term_string"}}],"inLanguage":"fr-FR"},{"@type":"Organization","@id":"https:\/\/icad.dental\/#organization","name":"iCad Dental | Computer Aided Design & 3D Print | Ottawa","url":"https:\/\/icad.dental\/","logo":{"@type":"ImageObject","inLanguage":"fr-FR","@id":"https:\/\/icad.dental\/#\/schema\/logo\/image\/","url":"https:\/\/icad.dental\/wp-content\/uploads\/2025\/08\/icad_color.png","contentUrl":"https:\/\/icad.dental\/wp-content\/uploads\/2025\/08\/icad_color.png","width":125,"height":56,"caption":"iCad Dental | Computer Aided Design & 3D Print | Ottawa"},"image":{"@id":"https:\/\/icad.dental\/#\/schema\/logo\/image\/"}}]}},"_links":{"self":[{"href":"https:\/\/icad.dental\/fr\/wp-json\/wp\/v2\/pages\/1866","targetHints":{"allow":["GET"]}}],"collection":[{"href":"https:\/\/icad.dental\/fr\/wp-json\/wp\/v2\/pages"}],"about":[{"href":"https:\/\/icad.dental\/fr\/wp-json\/wp\/v2\/types\/page"}],"author":[{"embeddable":true,"href":"https:\/\/icad.dental\/fr\/wp-json\/wp\/v2\/users\/1"}],"replies":[{"embeddable":true,"href":"https:\/\/icad.dental\/fr\/wp-json\/wp\/v2\/comments?post=1866"}],"version-history":[{"count":2,"href":"https:\/\/icad.dental\/fr\/wp-json\/wp\/v2\/pages\/1866\/revisions"}],"predecessor-version":[{"id":1945,"href":"https:\/\/icad.dental\/fr\/wp-json\/wp\/v2\/pages\/1866\/revisions\/1945"}],"wp:attachment":[{"href":"https:\/\/icad.dental\/fr\/wp-json\/wp\/v2\/media?parent=1866"}],"curies":[{"name":"wp","href":"https:\/\/api.w.org\/{rel}","templated":true}]}}