{"id":55,"date":"2025-08-20T16:17:40","date_gmt":"2025-08-20T16:17:40","guid":{"rendered":"https:\/\/wgi.bnz.temporary.site\/?page_id=55"},"modified":"2026-03-13T19:12:56","modified_gmt":"2026-03-13T19:12:56","slug":"services-de-laboratoire","status":"publish","type":"page","link":"https:\/\/icad.dental\/fr\/services-de-laboratoire\/","title":{"rendered":"Services de laboratoires"},"content":{"rendered":"\n<section class=\"wp-block-group alignfull dark general_padding hero-banner is-layout-flow wp-block-group-is-layout-flow\">\n<figure class=\"wp-block-image size-large overlay-bg image-fixed-animation d-none\"><img decoding=\"async\" width=\"1024\" height=\"556\" src=\"https:\/\/icad.dental\/wp-content\/uploads\/2025\/10\/v2bannerimage-1024x556.png\" alt=\"\" class=\"wp-image-431\" srcset=\"https:\/\/icad.dental\/wp-content\/uploads\/2025\/10\/v2bannerimage-1024x556.png 1024w, https:\/\/icad.dental\/wp-content\/uploads\/2025\/10\/v2bannerimage-300x163.png 300w, https:\/\/icad.dental\/wp-content\/uploads\/2025\/10\/v2bannerimage-768x417.png 768w, https:\/\/icad.dental\/wp-content\/uploads\/2025\/10\/v2bannerimage-1536x834.png 1536w, https:\/\/icad.dental\/wp-content\/uploads\/2025\/10\/v2bannerimage.png 1920w\" sizes=\"(max-width: 1024px) 100vw, 1024px\" \/><\/figure>\n\n\n\n<figure class=\"wp-block-video overlay-bg  image-fixed-animation\"><video height=\"1080\" style=\"aspect-ratio: 1920 \/ 1080;\" width=\"1920\" autoplay loop muted src=\"https:\/\/icad.dental\/wp-content\/uploads\/2025\/11\/customerservice.mp4\" playsinline><\/video><\/figure>\n\n\n\n<div class=\"overlay_effect\"\n    style=\"background-color: rgba(71, 76, 85, 1); mix-blend-mode: multiply;\">\n<\/div>\n\n\n<div class=\"wp-block-group alignfull content_text_hero two_columns is-layout-flow wp-block-group-is-layout-flow\">\n<p class=\"has-light-gray-color has-text-color has-link-color wp-elements-28ca4dca0c019ace9e3148c666373c3f\">Services de laboratoires<\/p>\n\n\n\n<div style=\"height:2rem\" aria-hidden=\"true\" class=\"wp-block-spacer\"><\/div>\n\n\n\n<div class=\"wp-block-columns is-layout-flex wp-container-core-columns-is-layout-28f84493 wp-block-columns-is-layout-flex\">\n<div class=\"wp-block-column is-layout-flow wp-block-column-is-layout-flow\" style=\"flex-basis:45%\">\n<h1 class=\"wp-block-heading has-text-align-left has-light-gray-color has-text-color has-link-color wp-elements-b2ad0016cb0f57944a9045a3acc77f25\" id=\"dynamicTitle\" style=\"font-style:normal;font-weight:300;text-transform:uppercase\">DES SOLUTIONS RESTAURATRICES COMPL\u00c8TES POUR VOTRE CLINIQUE<\/h1>\n\n\n\n<div class=\"wp-block-buttons v1 d-none is-content-justification-center is-layout-flex wp-container-core-buttons-is-layout-a89b3969 wp-block-buttons-is-layout-flex\">\n<div class=\"wp-block-button\"><a class=\"wp-block-button__link wp-element-button\" href=\"\/\">Learn more<\/a><\/div>\n<\/div>\n<\/div>\n\n\n\n<div class=\"wp-block-column is-layout-flow wp-block-column-is-layout-flow\" style=\"flex-basis:45%\">\n<p class=\"has-gris-fond-color has-text-color has-link-color wp-elements-575f5d086e9ab9937e185e4c83b5bece\">Chez iCAD Dental, nous ne faisons pas que fabriquer des restaurations \u2013 nous collaborons \u00e9troitement avec votre clinique pour obtenir des r\u00e9sultats constants, fiables et pr\u00e9visibles.<br><br>Nous proposons un service de conseils techniques personnalis\u00e9s, en laboratoire et au fauteuil. Nous offrons \u00e9galement des rendez-vous de teinte et de maquillage sur mesure, adapt\u00e9s aux besoins de vos patients. <br><br>Nos techniciens sont disponibles lorsque vous en avez besoin \u2013 pr\u00eats \u00e0 r\u00e9pondre \u00e0 vos questions, \u00e0 accompagner vos cas, et \u00e0 soutenir votre \u00e9quipe avec pr\u00e9cision et attention.<\/p>\n<\/div>\n<\/div>\n<\/div>\n<\/section>\n\n\n\n<section class=\"wp-block-group alignfull services_list general_padding_long light is-layout-flow wp-block-group-is-layout-flow\" id=\"services\">\n<p class=\"has-slate-gray-color has-text-color has-link-color wp-elements-e096e035abf564bd91c95239a6485b0f\" style=\"font-style:normal;font-weight:600\">Produits et services<\/p>\n\n\n\n<div style=\"height:4rem\" aria-hidden=\"true\" class=\"wp-block-spacer\"><\/div>\n\n\n\n<h2 class=\"wp-block-heading has-slate-gray-color has-text-color has-link-color wp-elements-4d9879d1e03e1695a6e03d8b001876df\" style=\"font-style:normal;font-weight:200\">D\u00e9couvrez nos cat\u00e9gories de produits<\/h2>\n\n\n\n<div style=\"height:4rem\" aria-hidden=\"true\" class=\"wp-block-spacer\"><\/div>\n\n\n\n<p class=\"max_text has-slate-gray-color has-text-color has-link-color wp-elements-408dad85420eaeec749fc77905324e01\">L&rsquo;excellence dans les moindres d\u00e9tails, de la conception \u00e0 la livraison.<\/p>\n\n\n\n<div style=\"height:6rem\" aria-hidden=\"true\" class=\"wp-block-spacer\"><\/div>\n\n\n<div class=\"wrapper_categories\" aria-label=\"Services categories\">\n        <a class=\"category_item\" href=\"https:\/\/icad.dental\/fr\/lab-services\/couronnes-ponts-dentaires\/\" target=\"\">\n        <div class=\"line_wrapper\"><\/div>\n                <span class=\"term_name\">Couronnes et ponts dentaires<\/span>\n                        <img decoding=\"async\" class=\"icon_category\" src=\"https:\/\/icad.dental\/wp-content\/uploads\/2025\/10\/molar_crown.png\" alt=\"\"\n            width=\"32\" height=\"32\" \/>\n            <\/a>\n        <a class=\"category_item\" href=\"https:\/\/icad.dental\/fr\/lab-services\/implants\/restaurations-implantaires\/\" target=\"\">\n        <div class=\"line_wrapper\"><\/div>\n                <span class=\"term_name\">Restaurations sur implants &amp; Guides chirurgicaux<\/span>\n                        <img decoding=\"async\" class=\"icon_category\" src=\"https:\/\/icad.dental\/wp-content\/uploads\/2025\/10\/implant.png\" alt=\"\"\n            width=\"32\" height=\"32\" \/>\n            <\/a>\n        <a class=\"category_item\" href=\"https:\/\/icad.dental\/fr\/lab-services\/protheses-amovibles\/reparation-de-prothese-dentaire\/\" target=\"\">\n        <div class=\"line_wrapper\"><\/div>\n                <span class=\"term_name\">Proth\u00e8ses dentaires sur mesure et soins proth\u00e9tiques<\/span>\n                        <img decoding=\"async\" class=\"icon_category\" src=\"https:\/\/icad.dental\/wp-content\/uploads\/2025\/10\/denture.png\" alt=\"\"\n            width=\"32\" height=\"32\" \/>\n            <\/a>\n        <a class=\"category_item\" href=\"https:\/\/icad.dental\/fr\/lab-services\/orthodontie-et-gouttieres\/\" target=\"\">\n        <div class=\"line_wrapper\"><\/div>\n                <span class=\"term_name\">Orthodontie &amp; Goutti\u00e8res<\/span>\n                        <img decoding=\"async\" class=\"icon_category\" src=\"https:\/\/icad.dental\/wp-content\/uploads\/2025\/10\/orthodontic.png\" alt=\"\"\n            width=\"32\" height=\"32\" \/>\n            <\/a>\n        <a class=\"category_item\" href=\"https:\/\/icad.dental\/fr\/lab-services\/teinte-stain\/teinte-personnalisee\/\" target=\"\">\n        <div class=\"line_wrapper\"><\/div>\n                <span class=\"term_name\">TEINTE PERSONNALIS\u00c9E<\/span>\n                        <img decoding=\"async\" class=\"icon_category\" src=\"https:\/\/icad.dental\/wp-content\/uploads\/2025\/10\/cavity.png\" alt=\"\"\n            width=\"32\" height=\"32\" \/>\n            <\/a>\n        <a class=\"category_item\" href=\"https:\/\/icad.dental\/fr\/lab-services\/assistance-technique\/conseils-techniques\/\" target=\"\">\n        <div class=\"line_wrapper\"><\/div>\n                <span class=\"term_name\">Assistance Technique<\/span>\n                        <img decoding=\"async\" class=\"icon_category\" src=\"https:\/\/icad.dental\/wp-content\/uploads\/2025\/10\/thenical.png\" alt=\"\"\n            width=\"32\" height=\"32\" \/>\n            <\/a>\n    <\/div>\n<\/section>\n\n\n\n<div class=\"wp-block-group alignfull deux_blocks padding_generali light d-none is-layout-flow wp-block-group-is-layout-flow\">\n<div class=\"wp-block-columns is-layout-flex wp-container-core-columns-is-layout-28f84493 wp-block-columns-is-layout-flex\">\n<div class=\"wp-block-column is-vertically-aligned-stretch left is-layout-flow wp-block-column-is-layout-flow\" style=\"flex-basis:36%\">\n<figure class=\"wp-block-image size-full image-fixed-animation\"><img decoding=\"async\" width=\"2560\" height=\"1920\" src=\"https:\/\/icad.dental\/wp-content\/uploads\/2025\/11\/DSC07807-min-scaled.jpg\" alt=\"\" class=\"wp-image-1280\" srcset=\"https:\/\/icad.dental\/wp-content\/uploads\/2025\/11\/DSC07807-min-scaled.jpg 2560w, https:\/\/icad.dental\/wp-content\/uploads\/2025\/11\/DSC07807-min-300x225.jpg 300w, https:\/\/icad.dental\/wp-content\/uploads\/2025\/11\/DSC07807-min-1024x768.jpg 1024w, https:\/\/icad.dental\/wp-content\/uploads\/2025\/11\/DSC07807-min-768x576.jpg 768w, https:\/\/icad.dental\/wp-content\/uploads\/2025\/11\/DSC07807-min-1536x1152.jpg 1536w, https:\/\/icad.dental\/wp-content\/uploads\/2025\/11\/DSC07807-min-2048x1536.jpg 2048w\" sizes=\"(max-width: 2560px) 100vw, 2560px\" \/><\/figure>\n<\/div>\n\n\n\n<div class=\"wp-block-column is-vertically-aligned-stretch right has-background is-layout-flow wp-block-column-is-layout-flow\" style=\"background-color:#dfe3e6;flex-basis:64%\">\n<div class=\"wp-block-group max_div content is-layout-flow wp-block-group-is-layout-flow\">\n<p class=\"has-slate-gray-color has-text-color has-link-color wp-elements-7dd5684c9eba806581f3fc775fd6df2e\" style=\"font-style:normal;font-weight:600\">Welcome Kit Request<\/p>\n\n\n\n<div style=\"height:4rem\" aria-hidden=\"true\" class=\"wp-block-spacer\"><\/div>\n\n\n\n<h3 class=\"wp-block-heading has-slate-gray-color has-text-color has-link-color wp-elements-07cb5f8263b02874e76a6c306debe711\" style=\"font-style:normal;font-weight:200\">WANT TO LEARN MORE ABOUT WORKING WITH US?<br>REQUEST YOUR WELCOME KIT TO EXPLORE OUR SERVICES AND FIND OUT HOW TO GET STARTED.<\/h3>\n\n\n\n<div style=\"height:4rem\" aria-hidden=\"true\" class=\"wp-block-spacer\"><\/div>\n\n\n\n<div class=\"wp-block-buttons v2 is-layout-flex wp-block-buttons-is-layout-flex\">\n<div class=\"wp-block-button\"><a class=\"wp-block-button__link wp-element-button\">Check our availabilities<\/a><\/div>\n<\/div>\n<\/div>\n<\/div>\n<\/div>\n<\/div>\n\n\n\n<section class=\"wp-block-group alignfull content_image padding_generali light is-layout-flow wp-block-group-is-layout-flow\">\n<div class=\"wp-block-group wrapper_content is-layout-flow wp-block-group-is-layout-flow\">\n<figure class=\"wp-block-image size-full image-fixed-animation-auto\"><img decoding=\"async\" src=\"https:\/\/icad.dental\/wp-content\/uploads\/2025\/12\/welcome_kit_request_banner-1-scaled.png\" alt=\"\" class=\"wp-image-1331\"\/><\/figure>\n\n\n\n<div class=\"wp-block-group float_content is-layout-flow wp-block-group-is-layout-flow\">\n<p class=\"d-none has-light-gray-color has-text-color has-link-color wp-elements-cce2ae34bb51bfde65e393b2f9c494e3\" style=\"font-style:normal;font-weight:600\">Welcome Kit Request<\/p>\n\n\n\n<div style=\"height:2rem\" aria-hidden=\"true\" class=\"wp-block-spacer\"><\/div>\n\n\n\n<h6 class=\"wp-block-heading has-text-align-center max_text1300 has-light-gray-color has-text-color has-link-color wp-elements-fca661405e1adde2dc166e5c83da3ac2\" style=\"font-style:normal;font-weight:200\">Si vous ne trouvez pas ce dont vous avez besoin, appelez-nous. Nous proposons de nombreuses solutions personnalis\u00e9es et pouvons vous aider \u00e0 trouver celle qui vous convient.<\/h6>\n\n\n\n<div class=\"wp-block-buttons v1 is-content-justification-center is-layout-flex wp-container-core-buttons-is-layout-a89b3969 wp-block-buttons-is-layout-flex\">\n<div class=\"wp-block-button\"><a class=\"wp-block-button__link wp-element-button\" href=\"https:\/\/icad.dental\/fr\/contactez-nous\/\" target=\"_blank\" rel=\"noreferrer noopener\">Contactez-nous<\/a><\/div>\n<\/div>\n<\/div>\n<\/div>\n<\/section>\n\n\n\n<div style=\"height:8rem\" aria-hidden=\"true\" class=\"wp-block-spacer light\"><\/div>\n","protected":false},"excerpt":{"rendered":"<p>Services de laboratoires DES SOLUTIONS RESTAURATRICES COMPL\u00c8TES POUR VOTRE CLINIQUE Chez iCAD Dental, nous ne faisons pas que fabriquer des restaurations \u2013 nous collaborons \u00e9troitement avec votre clinique pour obtenir des r\u00e9sultats constants, fiables et pr\u00e9visibles. Nous proposons un service de conseils techniques personnalis\u00e9s, en laboratoire et au fauteuil. Nous offrons \u00e9galement des rendez-vous de [&hellip;]<\/p>\n","protected":false},"author":1,"featured_media":0,"parent":0,"menu_order":0,"comment_status":"closed","ping_status":"closed","template":"","meta":{"_acf_changed":false,"inline_featured_image":false,"footnotes":""},"class_list":["post-55","page","type-page","status-publish","hentry"],"acf":[],"yoast_head":"<!-- This site is optimized with the Yoast SEO plugin v27.2 - https:\/\/yoast.com\/product\/yoast-seo-wordpress\/ -->\n<title>Services de laboratoires | icad<\/title>\n<meta name=\"robots\" content=\"index, follow, max-snippet:-1, max-image-preview:large, max-video-preview:-1\" \/>\n<link rel=\"canonical\" href=\"https:\/\/icad.dental\/fr\/services-de-laboratoire\/\" \/>\n<meta property=\"og:locale\" content=\"fr_FR\" \/>\n<meta property=\"og:type\" content=\"article\" \/>\n<meta property=\"og:title\" content=\"Services de laboratoires | icad\" \/>\n<meta property=\"og:description\" content=\"Services de laboratoires DES SOLUTIONS RESTAURATRICES COMPL\u00c8TES POUR VOTRE CLINIQUE Chez iCAD Dental, nous ne faisons pas que fabriquer des restaurations \u2013 nous collaborons \u00e9troitement avec votre clinique pour obtenir des r\u00e9sultats constants, fiables et pr\u00e9visibles. Nous proposons un service de conseils techniques personnalis\u00e9s, en laboratoire et au fauteuil. Nous offrons \u00e9galement des rendez-vous de [&hellip;]\" \/>\n<meta property=\"og:url\" content=\"https:\/\/icad.dental\/fr\/services-de-laboratoire\/\" \/>\n<meta property=\"og:site_name\" content=\"icad\" \/>\n<meta property=\"article:modified_time\" content=\"2026-03-13T19:12:56+00:00\" \/>\n<meta property=\"og:image\" content=\"https:\/\/icad.dental\/wp-content\/uploads\/2025\/10\/v2bannerimage.png\" \/>\n\t<meta property=\"og:image:width\" content=\"1920\" \/>\n\t<meta property=\"og:image:height\" content=\"1042\" \/>\n\t<meta property=\"og:image:type\" content=\"image\/png\" \/>\n<meta name=\"twitter:card\" content=\"summary_large_image\" \/>\n<meta name=\"twitter:label1\" content=\"Dur\u00e9e de lecture estim\u00e9e\" \/>\n\t<meta name=\"twitter:data1\" content=\"2 minutes\" \/>\n<script type=\"application\/ld+json\" class=\"yoast-schema-graph\">{\"@context\":\"https:\/\/schema.org\",\"@graph\":[{\"@type\":\"WebPage\",\"@id\":\"https:\/\/icad.dental\/fr\/services-de-laboratoire\/\",\"url\":\"https:\/\/icad.dental\/fr\/services-de-laboratoire\/\",\"name\":\"Services de laboratoires | icad\",\"isPartOf\":{\"@id\":\"https:\/\/icad.dental\/#website\"},\"primaryImageOfPage\":{\"@id\":\"https:\/\/icad.dental\/fr\/services-de-laboratoire\/#primaryimage\"},\"image\":{\"@id\":\"https:\/\/icad.dental\/fr\/services-de-laboratoire\/#primaryimage\"},\"thumbnailUrl\":\"https:\/\/icad.dental\/wp-content\/uploads\/2025\/10\/v2bannerimage-1024x556.png\",\"datePublished\":\"2025-08-20T16:17:40+00:00\",\"dateModified\":\"2026-03-13T19:12:56+00:00\",\"breadcrumb\":{\"@id\":\"https:\/\/icad.dental\/fr\/services-de-laboratoire\/#breadcrumb\"},\"inLanguage\":\"fr-FR\",\"potentialAction\":[{\"@type\":\"ReadAction\",\"target\":[\"https:\/\/icad.dental\/fr\/services-de-laboratoire\/\"]}]},{\"@type\":\"ImageObject\",\"inLanguage\":\"fr-FR\",\"@id\":\"https:\/\/icad.dental\/fr\/services-de-laboratoire\/#primaryimage\",\"url\":\"https:\/\/icad.dental\/wp-content\/uploads\/2025\/10\/v2bannerimage-1024x556.png\",\"contentUrl\":\"https:\/\/icad.dental\/wp-content\/uploads\/2025\/10\/v2bannerimage-1024x556.png\"},{\"@type\":\"BreadcrumbList\",\"@id\":\"https:\/\/icad.dental\/fr\/services-de-laboratoire\/#breadcrumb\",\"itemListElement\":[{\"@type\":\"ListItem\",\"position\":1,\"name\":\"Home\",\"item\":\"https:\/\/icad.dental\/fr\/\"},{\"@type\":\"ListItem\",\"position\":2,\"name\":\"Services de laboratoires\"}]},{\"@type\":\"WebSite\",\"@id\":\"https:\/\/icad.dental\/#website\",\"url\":\"https:\/\/icad.dental\/\",\"name\":\"iCad Dental | Computer Aided Design & 3D Print | Ottawa\",\"description\":\"A dedicated digital dentistry department that specializes in CAD &amp; 3D printing.\",\"publisher\":{\"@id\":\"https:\/\/icad.dental\/#organization\"},\"potentialAction\":[{\"@type\":\"SearchAction\",\"target\":{\"@type\":\"EntryPoint\",\"urlTemplate\":\"https:\/\/icad.dental\/?s={search_term_string}\"},\"query-input\":{\"@type\":\"PropertyValueSpecification\",\"valueRequired\":true,\"valueName\":\"search_term_string\"}}],\"inLanguage\":\"fr-FR\"},{\"@type\":\"Organization\",\"@id\":\"https:\/\/icad.dental\/#organization\",\"name\":\"iCad Dental | Computer Aided Design & 3D Print | Ottawa\",\"url\":\"https:\/\/icad.dental\/\",\"logo\":{\"@type\":\"ImageObject\",\"inLanguage\":\"fr-FR\",\"@id\":\"https:\/\/icad.dental\/#\/schema\/logo\/image\/\",\"url\":\"https:\/\/icad.dental\/wp-content\/uploads\/2025\/08\/icad_color.png\",\"contentUrl\":\"https:\/\/icad.dental\/wp-content\/uploads\/2025\/08\/icad_color.png\",\"width\":125,\"height\":56,\"caption\":\"iCad Dental | Computer Aided Design & 3D Print | Ottawa\"},\"image\":{\"@id\":\"https:\/\/icad.dental\/#\/schema\/logo\/image\/\"}}]}<\/script>\n<!-- \/ Yoast SEO plugin. -->","yoast_head_json":{"title":"Services de laboratoires | icad","robots":{"index":"index","follow":"follow","max-snippet":"max-snippet:-1","max-image-preview":"max-image-preview:large","max-video-preview":"max-video-preview:-1"},"canonical":"https:\/\/icad.dental\/fr\/services-de-laboratoire\/","og_locale":"fr_FR","og_type":"article","og_title":"Services de laboratoires | icad","og_description":"Services de laboratoires DES SOLUTIONS RESTAURATRICES COMPL\u00c8TES POUR VOTRE CLINIQUE Chez iCAD Dental, nous ne faisons pas que fabriquer des restaurations \u2013 nous collaborons \u00e9troitement avec votre clinique pour obtenir des r\u00e9sultats constants, fiables et pr\u00e9visibles. Nous proposons un service de conseils techniques personnalis\u00e9s, en laboratoire et au fauteuil. Nous offrons \u00e9galement des rendez-vous de [&hellip;]","og_url":"https:\/\/icad.dental\/fr\/services-de-laboratoire\/","og_site_name":"icad","article_modified_time":"2026-03-13T19:12:56+00:00","og_image":[{"width":1920,"height":1042,"url":"https:\/\/icad.dental\/wp-content\/uploads\/2025\/10\/v2bannerimage.png","type":"image\/png"}],"twitter_card":"summary_large_image","twitter_misc":{"Dur\u00e9e de lecture estim\u00e9e":"2 minutes"},"schema":{"@context":"https:\/\/schema.org","@graph":[{"@type":"WebPage","@id":"https:\/\/icad.dental\/fr\/services-de-laboratoire\/","url":"https:\/\/icad.dental\/fr\/services-de-laboratoire\/","name":"Services de laboratoires | icad","isPartOf":{"@id":"https:\/\/icad.dental\/#website"},"primaryImageOfPage":{"@id":"https:\/\/icad.dental\/fr\/services-de-laboratoire\/#primaryimage"},"image":{"@id":"https:\/\/icad.dental\/fr\/services-de-laboratoire\/#primaryimage"},"thumbnailUrl":"https:\/\/icad.dental\/wp-content\/uploads\/2025\/10\/v2bannerimage-1024x556.png","datePublished":"2025-08-20T16:17:40+00:00","dateModified":"2026-03-13T19:12:56+00:00","breadcrumb":{"@id":"https:\/\/icad.dental\/fr\/services-de-laboratoire\/#breadcrumb"},"inLanguage":"fr-FR","potentialAction":[{"@type":"ReadAction","target":["https:\/\/icad.dental\/fr\/services-de-laboratoire\/"]}]},{"@type":"ImageObject","inLanguage":"fr-FR","@id":"https:\/\/icad.dental\/fr\/services-de-laboratoire\/#primaryimage","url":"https:\/\/icad.dental\/wp-content\/uploads\/2025\/10\/v2bannerimage-1024x556.png","contentUrl":"https:\/\/icad.dental\/wp-content\/uploads\/2025\/10\/v2bannerimage-1024x556.png"},{"@type":"BreadcrumbList","@id":"https:\/\/icad.dental\/fr\/services-de-laboratoire\/#breadcrumb","itemListElement":[{"@type":"ListItem","position":1,"name":"Home","item":"https:\/\/icad.dental\/fr\/"},{"@type":"ListItem","position":2,"name":"Services de laboratoires"}]},{"@type":"WebSite","@id":"https:\/\/icad.dental\/#website","url":"https:\/\/icad.dental\/","name":"iCad Dental | Computer Aided Design & 3D Print | Ottawa","description":"A dedicated digital dentistry department that specializes in CAD &amp; 3D printing.","publisher":{"@id":"https:\/\/icad.dental\/#organization"},"potentialAction":[{"@type":"SearchAction","target":{"@type":"EntryPoint","urlTemplate":"https:\/\/icad.dental\/?s={search_term_string}"},"query-input":{"@type":"PropertyValueSpecification","valueRequired":true,"valueName":"search_term_string"}}],"inLanguage":"fr-FR"},{"@type":"Organization","@id":"https:\/\/icad.dental\/#organization","name":"iCad Dental | Computer Aided Design & 3D Print | Ottawa","url":"https:\/\/icad.dental\/","logo":{"@type":"ImageObject","inLanguage":"fr-FR","@id":"https:\/\/icad.dental\/#\/schema\/logo\/image\/","url":"https:\/\/icad.dental\/wp-content\/uploads\/2025\/08\/icad_color.png","contentUrl":"https:\/\/icad.dental\/wp-content\/uploads\/2025\/08\/icad_color.png","width":125,"height":56,"caption":"iCad Dental | Computer Aided Design & 3D Print | Ottawa"},"image":{"@id":"https:\/\/icad.dental\/#\/schema\/logo\/image\/"}}]}},"_links":{"self":[{"href":"https:\/\/icad.dental\/fr\/wp-json\/wp\/v2\/pages\/55","targetHints":{"allow":["GET"]}}],"collection":[{"href":"https:\/\/icad.dental\/fr\/wp-json\/wp\/v2\/pages"}],"about":[{"href":"https:\/\/icad.dental\/fr\/wp-json\/wp\/v2\/types\/page"}],"author":[{"embeddable":true,"href":"https:\/\/icad.dental\/fr\/wp-json\/wp\/v2\/users\/1"}],"replies":[{"embeddable":true,"href":"https:\/\/icad.dental\/fr\/wp-json\/wp\/v2\/comments?post=55"}],"version-history":[{"count":19,"href":"https:\/\/icad.dental\/fr\/wp-json\/wp\/v2\/pages\/55\/revisions"}],"predecessor-version":[{"id":2021,"href":"https:\/\/icad.dental\/fr\/wp-json\/wp\/v2\/pages\/55\/revisions\/2021"}],"wp:attachment":[{"href":"https:\/\/icad.dental\/fr\/wp-json\/wp\/v2\/media?parent=55"}],"curies":[{"name":"wp","href":"https:\/\/api.w.org\/{rel}","templated":true}]}}