{"id":61,"date":"2025-08-20T16:18:52","date_gmt":"2025-08-20T16:18:52","guid":{"rendered":"https:\/\/wgi.bnz.temporary.site\/?page_id=61"},"modified":"2026-03-13T19:22:23","modified_gmt":"2026-03-13T19:22:23","slug":"carrieres","status":"publish","type":"page","link":"https:\/\/icad.dental\/fr\/carrieres\/","title":{"rendered":"Carri\u00e8res"},"content":{"rendered":"\n<section class=\"wp-block-group alignfull general_padding hero-banner dark is-layout-flow wp-block-group-is-layout-flow\">\n<figure class=\"wp-block-image size-large overlay-bg image-fixed-animation is-style-default\"><img decoding=\"async\" width=\"1024\" height=\"768\" src=\"https:\/\/icad.dental\/wp-content\/uploads\/2025\/11\/All-team-1816-min-1024x768.jpg\" alt=\"\" class=\"wp-image-1289\" srcset=\"https:\/\/icad.dental\/wp-content\/uploads\/2025\/11\/All-team-1816-min-1024x768.jpg 1024w, https:\/\/icad.dental\/wp-content\/uploads\/2025\/11\/All-team-1816-min-300x225.jpg 300w, https:\/\/icad.dental\/wp-content\/uploads\/2025\/11\/All-team-1816-min-768x576.jpg 768w, https:\/\/icad.dental\/wp-content\/uploads\/2025\/11\/All-team-1816-min-1536x1152.jpg 1536w, https:\/\/icad.dental\/wp-content\/uploads\/2025\/11\/All-team-1816-min-2048x1536.jpg 2048w\" sizes=\"(max-width: 1024px) 100vw, 1024px\" \/><\/figure>\n\n\n\n<figure class=\"wp-block-video overlay-bg d-none  image-fixed-animation\"><video height=\"1048\" style=\"aspect-ratio: 2560 \/ 1048;\" width=\"2560\" autoplay loop muted src=\"https:\/\/icad.dental\/wp-content\/uploads\/2025\/10\/videoplayback.mp4\" playsinline><\/video><\/figure>\n\n\n\n<div class=\"overlay_effect\"\n    style=\"background-color: rgba(71, 76, 85, 0.6); mix-blend-mode: multiply;\">\n<\/div>\n\n\n<div class=\"wp-block-group alignfull content_text_hero two_columns is-layout-flow wp-block-group-is-layout-flow\">\n<p class=\"has-light-gray-color has-text-color has-link-color wp-elements-c49a2018eccdd4a74fd73394c67b2ff8\"><strong>Carri\u00e8res<\/strong><\/p>\n\n\n\n<div style=\"height:2rem\" aria-hidden=\"true\" class=\"wp-block-spacer\"><\/div>\n\n\n\n<div class=\"wp-block-columns is-layout-flex wp-container-core-columns-is-layout-28f84493 wp-block-columns-is-layout-flex\">\n<div class=\"wp-block-column is-layout-flow wp-block-column-is-layout-flow\" style=\"flex-basis:45%\">\n<h1 class=\"wp-block-heading has-text-align-left has-light-gray-color has-text-color has-link-color wp-elements-51ffc3f317d64e768ef452db6d166d6a\" id=\"dynamicTitle\" style=\"font-style:normal;font-weight:300;text-transform:uppercase\">D\u00e9couvrez nos offres actuelles et \u00e9voluez avec nous<\/h1>\n\n\n\n<div class=\"wp-block-buttons v1 d-none is-content-justification-center is-layout-flex wp-container-core-buttons-is-layout-a89b3969 wp-block-buttons-is-layout-flex\">\n<div class=\"wp-block-button\"><a class=\"wp-block-button__link wp-element-button\" href=\"\/\">Learn more<\/a><\/div>\n<\/div>\n<\/div>\n\n\n\n<div class=\"wp-block-column is-layout-flow wp-block-column-is-layout-flow\" style=\"flex-basis:38%\">\n<p class=\"has-gris-fond-color has-text-color has-link-color wp-elements-c40f01acef1ff98ed91756f19cc887ad\">Chez iCAD Dental, nous consid\u00e9rons les restaurations comme le point de d\u00e9part de quelque chose de plus grand \u2013 de meilleurs soins et des partenariats plus solides. Nous associons technologie et savoir-faire artisanal pour cr\u00e9er des solutions qui soutiennent \u00e0 la fois les cliniciens et leurs patients.<\/p>\n\n\n\n<div style=\"height:2rem\" aria-hidden=\"true\" class=\"wp-block-spacer\"><\/div>\n\n\n\n<p class=\"has-gris-fond-color has-text-color has-link-color wp-elements-54fd8aee7e32777e87369a5f5227b274\">Si vous souhaitez que votre travail fasse une r\u00e9elle diff\u00e9rence, d\u00e9couvrez nos opportunit\u00e9s actuelles et rejoignez-nous.<\/p>\n<\/div>\n<\/div>\n<\/div>\n<\/section>\n\n\n\n<section class=\"wp-block-group alignfull why special_padding_long light has-white-background-color has-background is-layout-flow wp-block-group-is-layout-flow\">\n<h3 class=\"wp-block-heading has-slate-gray-color has-text-color has-link-color wp-elements-746513ae116d54be9357ef324aa126ba\" style=\"font-style:normal;font-weight:300;text-transform:uppercase\">Pourquoi nous rejoindre ?<\/h3>\n\n\n\n<div style=\"height:3rem\" aria-hidden=\"true\" class=\"wp-block-spacer\"><\/div>\n\n\n\n<div class=\"wp-block-columns is-layout-flex wp-container-core-columns-is-layout-28f84493 wp-block-columns-is-layout-flex\">\n<div class=\"wp-block-column is-layout-flow wp-block-column-is-layout-flow\" style=\"flex-basis:30%\">\n<div class=\"wp-block-group row is-nowrap is-layout-flex wp-container-core-group-is-layout-6c531013 wp-block-group-is-layout-flex\">\n<p>01<\/p>\n\n\n\n<p>Laboratoire moderne \u00e9quip\u00e9 d\u2019une technologie de pointe<\/p>\n<\/div>\n<\/div>\n\n\n\n<div class=\"wp-block-column is-layout-flow wp-block-column-is-layout-flow\" style=\"flex-basis:30%\">\n<div class=\"wp-block-group row is-nowrap is-layout-flex wp-container-core-group-is-layout-6c531013 wp-block-group-is-layout-flex\">\n<p>02<\/p>\n\n\n\n<p>\u00c9quipe professionnelle et conviviale<\/p>\n<\/div>\n<\/div>\n\n\n\n<div class=\"wp-block-column is-layout-flow wp-block-column-is-layout-flow\" style=\"flex-basis:30%\">\n<div class=\"wp-block-group row is-nowrap is-layout-flex wp-container-core-group-is-layout-6c531013 wp-block-group-is-layout-flex\">\n<p>03<\/p>\n\n\n\n<p>Salaire comp\u00e9titif et avantages sociaux int\u00e9ressants<\/p>\n<\/div>\n<\/div>\n<\/div>\n\n\n\n<div style=\"height:6rem\" aria-hidden=\"true\" class=\"wp-block-spacer\"><\/div>\n\n\n<div class=\"jobs-list\">\n        <div class=\"job-item\">\n                <h5 class=\"job-title\">C\u00e9ramiste dentaire<\/h5>\n        \n                <div class=\"wp-block-buttons v4 is-layout-flex wp-block-buttons-is-layout-flex\">\n            <div class=\"wp-block-button\">\n                <a href=\"https:\/\/icad.dental\/wp-content\/uploads\/2026\/01\/Dental-Ceramist.pdf\" class=\"wp-block-button__link wp-element-button\"\n                    >\n                    Description du poste                <\/a>\n            <\/div>\n        <\/div>\n            <\/div>\n        <div class=\"job-item\">\n                <h5 class=\"job-title\">Technicien en proth\u00e8ses dentaires<\/h5>\n        \n                <div class=\"wp-block-buttons v4 is-layout-flex wp-block-buttons-is-layout-flex\">\n            <div class=\"wp-block-button\">\n                <a href=\"https:\/\/icad.dental\/wp-content\/uploads\/2026\/01\/Denture-Technician.pdf\" class=\"wp-block-button__link wp-element-button\"\n                    >\n                    Description du poste                <\/a>\n            <\/div>\n        <\/div>\n            <\/div>\n        <div class=\"job-item\">\n                <h5 class=\"job-title\">Technicien en pl\u00e2tre dentaire<\/h5>\n        \n                <div class=\"wp-block-buttons v4 is-layout-flex wp-block-buttons-is-layout-flex\">\n            <div class=\"wp-block-button\">\n                <a href=\"https:\/\/icad.dental\/wp-content\/uploads\/2026\/01\/Plaster-Technician.pdf\" class=\"wp-block-button__link wp-element-button\"\n                    target=\"_blank\" rel=\"noopener\">\n                    Description du poste                <\/a>\n            <\/div>\n        <\/div>\n            <\/div>\n    <\/div>\n\n\n\n<div style=\"height:4rem\" aria-hidden=\"true\" class=\"wp-block-spacer\"><\/div>\n\n\n\n<p class=\"has-text-align-center\">Nous accueillons les candidatures de personnes en situation de handicap et fournirons des mesures d\u2019adaptation \u00e0 toutes les \u00e9tapes du processus de recrutement sur demande.<\/p>\n\n\n\n<div style=\"height:6rem\" aria-hidden=\"true\" class=\"wp-block-spacer\"><\/div>\n<\/section>\n\n\n\n<section class=\"wp-block-group alignfull contact_form padding_generali light is-layout-flow wp-block-group-is-layout-flow\">\n<div class=\"wp-block-group is-layout-flow wp-block-group-is-layout-flow\">\n<h3 class=\"wp-block-heading has-slate-gray-color has-text-color has-link-color wp-elements-df8512fffcb96f6c013bad5c56005c86\" style=\"font-style:normal;font-weight:200\">LAISSEZ-NOUS UN MESSAGE<\/h3>\n\n\n\n<div style=\"height:4rem\" aria-hidden=\"true\" class=\"wp-block-spacer\"><\/div>\n\n\n\n<div class=\"wp-block-contact-form-7-contact-form-selector form_carre\">\n<div class=\"wpcf7 no-js\" id=\"wpcf7-f1153-o1\" lang=\"en-US\" dir=\"ltr\" data-wpcf7-id=\"1153\">\n<div class=\"screen-reader-response\"><p role=\"status\" aria-live=\"polite\" aria-atomic=\"true\"><\/p> <ul><\/ul><\/div>\n<form action=\"\/fr\/wp-json\/wp\/v2\/pages\/61#wpcf7-f1153-o1\" method=\"post\" class=\"wpcf7-form init\" aria-label=\"Contact form\" enctype=\"multipart\/form-data\" novalidate=\"novalidate\" data-status=\"init\">\n<fieldset class=\"hidden-fields-container\"><input type=\"hidden\" name=\"_wpcf7\" value=\"1153\" \/><input type=\"hidden\" name=\"_wpcf7_version\" value=\"6.1.5\" \/><input type=\"hidden\" name=\"_wpcf7_locale\" value=\"en_US\" \/><input type=\"hidden\" name=\"_wpcf7_unit_tag\" value=\"wpcf7-f1153-o1\" \/><input type=\"hidden\" name=\"_wpcf7_container_post\" value=\"0\" \/><input type=\"hidden\" name=\"_wpcf7_posted_data_hash\" value=\"\" \/>\n<\/fieldset>\n<div class=\"row\">\n  <div class=\"content\">\n    <span class=\"wpcf7-form-control-wrap\" data-name=\"prenom\"><input size=\"40\" maxlength=\"400\" class=\"wpcf7-form-control wpcf7-text wpcf7-validates-as-required prenom\" id=\"prenom\" aria-required=\"true\" aria-invalid=\"false\" placeholder=\"Nom complet\" value=\"\" type=\"text\" name=\"prenom\" \/><\/span>\n    <span class=\"wpcf7-form-control-wrap\" data-name=\"email\"><input size=\"40\" maxlength=\"400\" class=\"wpcf7-form-control wpcf7-email wpcf7-validates-as-required wpcf7-text wpcf7-validates-as-email email\" id=\"email\" aria-required=\"true\" aria-invalid=\"false\" placeholder=\"Courriel\" value=\"\" type=\"email\" name=\"email\" \/><\/span>\n    <span class=\"wpcf7-form-control-wrap\" data-name=\"tel\"><input size=\"40\" maxlength=\"400\" class=\"wpcf7-form-control wpcf7-tel wpcf7-text wpcf7-validates-as-tel tel\" id=\"tel\" aria-invalid=\"false\" placeholder=\"T\u00e9l\u00e9phone\" value=\"\" type=\"tel\" name=\"tel\" \/><\/span>\n  <\/div>\n\n  <div class=\"content\">\n  <label>Message\n    <span class=\"wpcf7-form-control-wrap\" data-name=\"textarea\"><textarea cols=\"40\" rows=\"10\" maxlength=\"2000\" class=\"wpcf7-form-control wpcf7-textarea wpcf7-validates-as-required message\" id=\"message\" aria-required=\"true\" aria-invalid=\"false\" name=\"textarea\"><\/textarea><\/span><\/label>\n\n<div class=\"wrapper_file_send\">\n\n  <div class=\"file-input-wrapper\">\n    <span class=\"wpcf7-form-control-wrap\" data-name=\"file_cv\"><input size=\"40\" class=\"wpcf7-form-control wpcf7-file wpcf7-validates-as-required file-input\" id=\"file\" accept=\".doc,.jpg,.jpeg,.gif,.png,.ppt,.pptx,.docx,.txt,.pdf,.xlsx,.csv,.xls\" aria-required=\"true\" aria-invalid=\"false\" type=\"file\" name=\"file_cv\" \/><\/span>\n\n    <button type=\"button\" class=\"custom-file-button\">\n\n      <span class=\"custom-file-icon\">\n        Choisir un fichier\n        <svg width=\"16\" height=\"16\" viewBox=\"0 0 16 16\" fill=\"none\" xmlns=\"http:\/\/www.w3.org\/2000\/svg\">\n          <path d=\"M4.35215 5.81761L6.96581 3.15412V11.443C6.96581 11.8982 7.32746 12.266 7.77343 12.266C8.21939 12.266 8.58104 11.8975 8.58104 11.443V3.15412L11.1947 5.81761C11.3404 5.9902 11.5512 6.09345 11.7745 6.10174C11.9994 6.11078 12.2168 6.02411 12.3751 5.86358C12.5333 5.70229 12.6206 5.48147 12.6125 5.2531C12.6058 5.02399 12.506 4.80994 12.3366 4.65921L7.77343 0L3.20951 4.65996C2.89371 4.98178 2.89371 5.50257 3.20951 5.82439C3.5253 6.14621 4.03635 6.14621 4.35215 5.82439V5.81836V5.81761Z\" fill=\"#474C55\"\/>\n          <path d=\"M15.194 10.6057C14.7473 10.6065 14.3856 10.9758 14.3841 11.431V14.0704H1.69746V11.4385C1.70855 11.2124 1.62868 10.9916 1.47632 10.8273C1.32323 10.663 1.11023 10.5703 0.888362 10.5703C0.666489 10.5703 0.453492 10.663 0.3004 10.8273C0.148047 10.9916 0.0674333 11.2124 0.0792665 11.4385V15.7187H16.0001V11.4385C16.0016 11.2185 15.918 11.0074 15.7664 10.8514C15.6148 10.6954 15.4084 10.608 15.1925 10.6065L15.194 10.6057Z\" fill=\"#474C55\"\/>\n        <\/svg>\n      <\/span>\n\n      <div class=\"wrapper_file_name\">\n        <svg xmlns=\"http:\/\/www.w3.org\/2000\/svg\" xmlns:xlink=\"http:\/\/www.w3.org\/1999\/xlink\" width=\"49\" height=\"49\" viewBox=\"0 0 49 49\">\n          <g id=\"Groupe_1091\" data-name=\"Groupe 1091\" transform=\"translate(-887 -3578)\">\n            <g id=\"Groupe_1075\" data-name=\"Groupe 1075\" transform=\"translate(903.385 3591)\">\n              <g id=\"Groupe_1074\" data-name=\"Groupe 1074\">\n                <path id=\"Trac\u00e9_2648\" data-name=\"Trac\u00e9 2648\" d=\"M0,.538v21a.56.56,0,0,0,.538.538H16.691a.559.559,0,0,0,.538-.538V4.846a.55.55,0,0,0-.16-.387L12.762.151A.544.544,0,0,0,12.384,0H.538A.59.59,0,0,0,0,.538Zm1.077.538H11.845V4.846a.56.56,0,0,0,.538.538h3.769V21H1.077Zm11.845.757L15.4,4.307H12.922Z\" transform=\"translate(0 0)\" fill=\"#474C55\"\/>\n              <\/g>\n            <\/g>\n          <\/g>\n        <\/svg>\n\n        <span class=\"custom-file-uploaded\"><\/span>\n      <\/div>\n\n    <\/button>\n  <\/div>\n\n  <div class=\"submit_form\">\n    <button type=\"submit\" class=\"send_email\"> \n      <span>Envoyer votre CV<\/span>\n    <\/button>\n  <\/div>\n\n<\/div>\n\n\n\n  <\/div>\n<\/div><div class=\"wpcf7-response-output\" aria-hidden=\"true\"><\/div>\n<\/form>\n<\/div>\n<\/div>\n<\/div>\n<\/section>\n\n\n\n<div style=\"height:6rem\" aria-hidden=\"true\" class=\"wp-block-spacer light\"><\/div>\n\n\n\n<p><\/p>\n","protected":false},"excerpt":{"rendered":"<p>Carri\u00e8res D\u00e9couvrez nos offres actuelles et \u00e9voluez avec nous Chez iCAD Dental, nous consid\u00e9rons les restaurations comme le point de d\u00e9part de quelque chose de plus grand \u2013 de meilleurs soins et des partenariats plus solides. Nous associons technologie et savoir-faire artisanal pour cr\u00e9er des solutions qui soutiennent \u00e0 la fois les cliniciens et leurs [&hellip;]<\/p>\n","protected":false},"author":1,"featured_media":0,"parent":0,"menu_order":0,"comment_status":"closed","ping_status":"closed","template":"","meta":{"_acf_changed":false,"inline_featured_image":false,"footnotes":""},"class_list":["post-61","page","type-page","status-publish","hentry"],"acf":[],"yoast_head":"<!-- This site is optimized with the Yoast SEO plugin v27.2 - https:\/\/yoast.com\/product\/yoast-seo-wordpress\/ -->\n<title>Carri\u00e8res | icad<\/title>\n<meta name=\"robots\" content=\"index, follow, max-snippet:-1, max-image-preview:large, max-video-preview:-1\" \/>\n<link rel=\"canonical\" href=\"https:\/\/icad.dental\/fr\/carrieres\/\" \/>\n<meta property=\"og:locale\" content=\"fr_FR\" \/>\n<meta property=\"og:type\" content=\"article\" \/>\n<meta property=\"og:title\" content=\"Carri\u00e8res | icad\" \/>\n<meta property=\"og:description\" content=\"Carri\u00e8res D\u00e9couvrez nos offres actuelles et \u00e9voluez avec nous Chez iCAD Dental, nous consid\u00e9rons les restaurations comme le point de d\u00e9part de quelque chose de plus grand \u2013 de meilleurs soins et des partenariats plus solides. Nous associons technologie et savoir-faire artisanal pour cr\u00e9er des solutions qui soutiennent \u00e0 la fois les cliniciens et leurs [&hellip;]\" \/>\n<meta property=\"og:url\" content=\"https:\/\/icad.dental\/fr\/carrieres\/\" \/>\n<meta property=\"og:site_name\" content=\"icad\" \/>\n<meta property=\"article:modified_time\" content=\"2026-03-13T19:22:23+00:00\" \/>\n<meta property=\"og:image\" content=\"https:\/\/icad.dental\/wp-content\/uploads\/2025\/11\/All-team-1816-min-scaled.jpg\" \/>\n\t<meta property=\"og:image:width\" content=\"2560\" \/>\n\t<meta property=\"og:image:height\" content=\"1920\" \/>\n\t<meta property=\"og:image:type\" content=\"image\/jpeg\" \/>\n<meta name=\"twitter:card\" content=\"summary_large_image\" \/>\n<meta name=\"twitter:label1\" content=\"Dur\u00e9e de lecture estim\u00e9e\" \/>\n\t<meta name=\"twitter:data1\" content=\"1 minute\" \/>\n<script type=\"application\/ld+json\" class=\"yoast-schema-graph\">{\"@context\":\"https:\/\/schema.org\",\"@graph\":[{\"@type\":\"WebPage\",\"@id\":\"https:\/\/icad.dental\/fr\/carrieres\/\",\"url\":\"https:\/\/icad.dental\/fr\/carrieres\/\",\"name\":\"Carri\u00e8res | icad\",\"isPartOf\":{\"@id\":\"https:\/\/icad.dental\/#website\"},\"primaryImageOfPage\":{\"@id\":\"https:\/\/icad.dental\/fr\/carrieres\/#primaryimage\"},\"image\":{\"@id\":\"https:\/\/icad.dental\/fr\/carrieres\/#primaryimage\"},\"thumbnailUrl\":\"https:\/\/icad.dental\/wp-content\/uploads\/2025\/11\/All-team-1816-min-1024x768.jpg\",\"datePublished\":\"2025-08-20T16:18:52+00:00\",\"dateModified\":\"2026-03-13T19:22:23+00:00\",\"breadcrumb\":{\"@id\":\"https:\/\/icad.dental\/fr\/carrieres\/#breadcrumb\"},\"inLanguage\":\"fr-FR\",\"potentialAction\":[{\"@type\":\"ReadAction\",\"target\":[\"https:\/\/icad.dental\/fr\/carrieres\/\"]}]},{\"@type\":\"ImageObject\",\"inLanguage\":\"fr-FR\",\"@id\":\"https:\/\/icad.dental\/fr\/carrieres\/#primaryimage\",\"url\":\"https:\/\/icad.dental\/wp-content\/uploads\/2025\/11\/All-team-1816-min-1024x768.jpg\",\"contentUrl\":\"https:\/\/icad.dental\/wp-content\/uploads\/2025\/11\/All-team-1816-min-1024x768.jpg\"},{\"@type\":\"BreadcrumbList\",\"@id\":\"https:\/\/icad.dental\/fr\/carrieres\/#breadcrumb\",\"itemListElement\":[{\"@type\":\"ListItem\",\"position\":1,\"name\":\"Home\",\"item\":\"https:\/\/icad.dental\/fr\/\"},{\"@type\":\"ListItem\",\"position\":2,\"name\":\"Carri\u00e8res\"}]},{\"@type\":\"WebSite\",\"@id\":\"https:\/\/icad.dental\/#website\",\"url\":\"https:\/\/icad.dental\/\",\"name\":\"iCad Dental | Computer Aided Design & 3D Print | Ottawa\",\"description\":\"A dedicated digital dentistry department that specializes in CAD &amp; 3D printing.\",\"publisher\":{\"@id\":\"https:\/\/icad.dental\/#organization\"},\"potentialAction\":[{\"@type\":\"SearchAction\",\"target\":{\"@type\":\"EntryPoint\",\"urlTemplate\":\"https:\/\/icad.dental\/?s={search_term_string}\"},\"query-input\":{\"@type\":\"PropertyValueSpecification\",\"valueRequired\":true,\"valueName\":\"search_term_string\"}}],\"inLanguage\":\"fr-FR\"},{\"@type\":\"Organization\",\"@id\":\"https:\/\/icad.dental\/#organization\",\"name\":\"iCad Dental | Computer Aided Design & 3D Print | Ottawa\",\"url\":\"https:\/\/icad.dental\/\",\"logo\":{\"@type\":\"ImageObject\",\"inLanguage\":\"fr-FR\",\"@id\":\"https:\/\/icad.dental\/#\/schema\/logo\/image\/\",\"url\":\"https:\/\/icad.dental\/wp-content\/uploads\/2025\/08\/icad_color.png\",\"contentUrl\":\"https:\/\/icad.dental\/wp-content\/uploads\/2025\/08\/icad_color.png\",\"width\":125,\"height\":56,\"caption\":\"iCad Dental | Computer Aided Design & 3D Print | Ottawa\"},\"image\":{\"@id\":\"https:\/\/icad.dental\/#\/schema\/logo\/image\/\"}}]}<\/script>\n<!-- \/ Yoast SEO plugin. -->","yoast_head_json":{"title":"Carri\u00e8res | icad","robots":{"index":"index","follow":"follow","max-snippet":"max-snippet:-1","max-image-preview":"max-image-preview:large","max-video-preview":"max-video-preview:-1"},"canonical":"https:\/\/icad.dental\/fr\/carrieres\/","og_locale":"fr_FR","og_type":"article","og_title":"Carri\u00e8res | icad","og_description":"Carri\u00e8res D\u00e9couvrez nos offres actuelles et \u00e9voluez avec nous Chez iCAD Dental, nous consid\u00e9rons les restaurations comme le point de d\u00e9part de quelque chose de plus grand \u2013 de meilleurs soins et des partenariats plus solides. Nous associons technologie et savoir-faire artisanal pour cr\u00e9er des solutions qui soutiennent \u00e0 la fois les cliniciens et leurs [&hellip;]","og_url":"https:\/\/icad.dental\/fr\/carrieres\/","og_site_name":"icad","article_modified_time":"2026-03-13T19:22:23+00:00","og_image":[{"width":2560,"height":1920,"url":"https:\/\/icad.dental\/wp-content\/uploads\/2025\/11\/All-team-1816-min-scaled.jpg","type":"image\/jpeg"}],"twitter_card":"summary_large_image","twitter_misc":{"Dur\u00e9e de lecture estim\u00e9e":"1 minute"},"schema":{"@context":"https:\/\/schema.org","@graph":[{"@type":"WebPage","@id":"https:\/\/icad.dental\/fr\/carrieres\/","url":"https:\/\/icad.dental\/fr\/carrieres\/","name":"Carri\u00e8res | icad","isPartOf":{"@id":"https:\/\/icad.dental\/#website"},"primaryImageOfPage":{"@id":"https:\/\/icad.dental\/fr\/carrieres\/#primaryimage"},"image":{"@id":"https:\/\/icad.dental\/fr\/carrieres\/#primaryimage"},"thumbnailUrl":"https:\/\/icad.dental\/wp-content\/uploads\/2025\/11\/All-team-1816-min-1024x768.jpg","datePublished":"2025-08-20T16:18:52+00:00","dateModified":"2026-03-13T19:22:23+00:00","breadcrumb":{"@id":"https:\/\/icad.dental\/fr\/carrieres\/#breadcrumb"},"inLanguage":"fr-FR","potentialAction":[{"@type":"ReadAction","target":["https:\/\/icad.dental\/fr\/carrieres\/"]}]},{"@type":"ImageObject","inLanguage":"fr-FR","@id":"https:\/\/icad.dental\/fr\/carrieres\/#primaryimage","url":"https:\/\/icad.dental\/wp-content\/uploads\/2025\/11\/All-team-1816-min-1024x768.jpg","contentUrl":"https:\/\/icad.dental\/wp-content\/uploads\/2025\/11\/All-team-1816-min-1024x768.jpg"},{"@type":"BreadcrumbList","@id":"https:\/\/icad.dental\/fr\/carrieres\/#breadcrumb","itemListElement":[{"@type":"ListItem","position":1,"name":"Home","item":"https:\/\/icad.dental\/fr\/"},{"@type":"ListItem","position":2,"name":"Carri\u00e8res"}]},{"@type":"WebSite","@id":"https:\/\/icad.dental\/#website","url":"https:\/\/icad.dental\/","name":"iCad Dental | Computer Aided Design & 3D Print | Ottawa","description":"A dedicated digital dentistry department that specializes in CAD &amp; 3D printing.","publisher":{"@id":"https:\/\/icad.dental\/#organization"},"potentialAction":[{"@type":"SearchAction","target":{"@type":"EntryPoint","urlTemplate":"https:\/\/icad.dental\/?s={search_term_string}"},"query-input":{"@type":"PropertyValueSpecification","valueRequired":true,"valueName":"search_term_string"}}],"inLanguage":"fr-FR"},{"@type":"Organization","@id":"https:\/\/icad.dental\/#organization","name":"iCad Dental | Computer Aided Design & 3D Print | Ottawa","url":"https:\/\/icad.dental\/","logo":{"@type":"ImageObject","inLanguage":"fr-FR","@id":"https:\/\/icad.dental\/#\/schema\/logo\/image\/","url":"https:\/\/icad.dental\/wp-content\/uploads\/2025\/08\/icad_color.png","contentUrl":"https:\/\/icad.dental\/wp-content\/uploads\/2025\/08\/icad_color.png","width":125,"height":56,"caption":"iCad Dental | Computer Aided Design & 3D Print | Ottawa"},"image":{"@id":"https:\/\/icad.dental\/#\/schema\/logo\/image\/"}}]}},"_links":{"self":[{"href":"https:\/\/icad.dental\/fr\/wp-json\/wp\/v2\/pages\/61","targetHints":{"allow":["GET"]}}],"collection":[{"href":"https:\/\/icad.dental\/fr\/wp-json\/wp\/v2\/pages"}],"about":[{"href":"https:\/\/icad.dental\/fr\/wp-json\/wp\/v2\/types\/page"}],"author":[{"embeddable":true,"href":"https:\/\/icad.dental\/fr\/wp-json\/wp\/v2\/users\/1"}],"replies":[{"embeddable":true,"href":"https:\/\/icad.dental\/fr\/wp-json\/wp\/v2\/comments?post=61"}],"version-history":[{"count":19,"href":"https:\/\/icad.dental\/fr\/wp-json\/wp\/v2\/pages\/61\/revisions"}],"predecessor-version":[{"id":2023,"href":"https:\/\/icad.dental\/fr\/wp-json\/wp\/v2\/pages\/61\/revisions\/2023"}],"wp:attachment":[{"href":"https:\/\/icad.dental\/fr\/wp-json\/wp\/v2\/media?parent=61"}],"curies":[{"name":"wp","href":"https:\/\/api.w.org\/{rel}","templated":true}]}}