{"id":63,"date":"2025-08-20T16:20:23","date_gmt":"2025-08-20T16:20:23","guid":{"rendered":"https:\/\/wgi.bnz.temporary.site\/?page_id=63"},"modified":"2026-04-23T14:31:50","modified_gmt":"2026-04-23T14:31:50","slug":"contactez-nous","status":"publish","type":"page","link":"https:\/\/icad.dental\/fr\/contactez-nous\/","title":{"rendered":"Contactez-nous"},"content":{"rendered":"\n<section class=\"wp-block-group alignfull general_padding hero-banner is-layout-flow wp-block-group-is-layout-flow\">\n<figure class=\"wp-block-image size-large overlay-bg image-fixed-animation d-none\"><img decoding=\"async\" width=\"1024\" height=\"556\" src=\"https:\/\/icad.dental\/wp-content\/uploads\/2025\/10\/bannercontact-1024x556.png\" alt=\"\" class=\"wp-image-750\" srcset=\"https:\/\/icad.dental\/wp-content\/uploads\/2025\/10\/bannercontact-1024x556.png 1024w, https:\/\/icad.dental\/wp-content\/uploads\/2025\/10\/bannercontact-300x163.png 300w, https:\/\/icad.dental\/wp-content\/uploads\/2025\/10\/bannercontact-768x417.png 768w, https:\/\/icad.dental\/wp-content\/uploads\/2025\/10\/bannercontact-1536x834.png 1536w, https:\/\/icad.dental\/wp-content\/uploads\/2025\/10\/bannercontact.png 1920w\" sizes=\"(max-width: 1024px) 100vw, 1024px\" \/><\/figure>\n\n\n\n<figure class=\"wp-block-video overlay-bg image-fixed-animation\"><video height=\"1080\" style=\"aspect-ratio: 1920 \/ 1080;\" width=\"1920\" autoplay loop muted src=\"https:\/\/icad.dental\/wp-content\/uploads\/2025\/11\/customerservice.mp4\" playsinline><\/video><\/figure>\n\n\n\n<div class=\"overlay_effect\"\n    style=\"background-color: rgba(71, 76, 85, 1); mix-blend-mode: multiply;\">\n<\/div>\n\n\n<div class=\"wp-block-group alignfull content_text_hero two_columns is-layout-flow wp-block-group-is-layout-flow\">\n<p class=\"has-light-gray-color has-text-color has-link-color wp-elements-2190e11fc0bd40959daa25b574f7b465\">Contactez-nous<\/p>\n\n\n\n<div style=\"height:2rem\" aria-hidden=\"true\" class=\"wp-block-spacer\"><\/div>\n\n\n\n<div class=\"wp-block-columns is-layout-flex wp-container-core-columns-is-layout-28f84493 wp-block-columns-is-layout-flex\">\n<div class=\"wp-block-column is-layout-flow wp-block-column-is-layout-flow\" style=\"flex-basis:45%\">\n<h1 class=\"wp-block-heading has-text-align-left has-light-gray-color has-text-color has-link-color wp-elements-1d7f8003681bc7362b1ee3ccc6cf2f68\" id=\"dynamicTitle\" style=\"font-style:normal;font-weight:300;text-transform:uppercase\">Visitez notre laboratoire dentaire<\/h1>\n\n\n\n<div class=\"wp-block-buttons v1 d-none is-content-justification-center is-layout-flex wp-container-core-buttons-is-layout-a89b3969 wp-block-buttons-is-layout-flex\">\n<div class=\"wp-block-button\"><a class=\"wp-block-button__link wp-element-button\" href=\"\/\">Learn more<\/a><\/div>\n<\/div>\n<\/div>\n\n\n\n<div class=\"wp-block-column is-layout-flow wp-block-column-is-layout-flow\" style=\"flex-basis:45%\">\n<p class=\"has-gris-fond-color has-text-color has-link-color wp-elements-a89e3ba77299865403f2ecb91967284f\">Nous serions ravis de vous accueillir dans notre laboratoire. Que vous fassiez partie d\u2019une clinique dentaire, que vous soyez un professionnel en exercice ou un \u00e9tudiant dans le domaine, vous \u00eates invit\u00e9 \u00e0 visiter nos installations, rencontrer notre \u00e9quipe et d\u00e9couvrir les coulisses de notre travail.<\/p>\n\n\n\n<div style=\"height:2rem\" aria-hidden=\"true\" class=\"wp-block-spacer\"><\/div>\n\n\n\n<p class=\"has-gris-fond-color has-text-color has-link-color wp-elements-23cf336608225e4e0ef07632ee41c018\">Une confirmation de pr\u00e9sence est appr\u00e9ci\u00e9e, mais non obligatoire \u2013 nos portes sont ouvertes aux professionnels du dentaire et aux partenaires acad\u00e9miques d\u00e9sireux d\u2019en apprendre davantage sur la fa\u00e7on dont nous soutenons les flux de travail restauratifs modernes.<\/p>\n<\/div>\n<\/div>\n<\/div>\n<\/section>\n\n\n\n<section class=\"wp-block-group alignfull contact_box special_padding_long_y is-layout-flow wp-block-group-is-layout-flow\">\n<div class=\"wp-block-columns general_columns is-layout-flex wp-container-core-columns-is-layout-94e61aee wp-block-columns-is-layout-flex\">\n<div class=\"wp-block-column left special_padding_long_left is-layout-flow wp-block-column-is-layout-flow\" style=\"flex-basis:46%\">\n<h3 class=\"wp-block-heading has-slate-gray-color has-text-color has-link-color wp-elements-d5131a6dd047494704a1d82aaad8f5f2\" style=\"font-style:normal;font-weight:300;text-transform:uppercase\">Coordonn\u00e9es<\/h3>\n\n\n\n<div style=\"height:8rem\" aria-hidden=\"true\" class=\"wp-block-spacer\"><\/div>\n\n\n\n<div class=\"wp-block-columns contact_info is-layout-flex wp-container-core-columns-is-layout-623a0b65 wp-block-columns-is-layout-flex\">\n<div class=\"wp-block-column left is-layout-flow wp-block-column-is-layout-flow\" style=\"flex-basis:40%\">\n<h6 class=\"wp-block-heading has-slate-gray-color has-text-color has-link-color wp-elements-54b7d4c01d89ee9c63acfa6a85ed639c\" style=\"font-style:normal;font-weight:300;text-transform:uppercase\">contact<\/h6>\n\n\n\n<div style=\"height:3rem\" aria-hidden=\"true\" class=\"wp-block-spacer\"><\/div>\n\n\n\n<p class=\"has-charcoal-gray-color has-text-color has-link-color wp-elements-490add9d6f8ce249fbb29d346336fc0d\"><a href=\"http:\/\/maps.app.goo.gl\/8qWgAbVD7LdHeSML8\" target=\"_blank\" rel=\"noreferrer noopener\">1825 Woodward Drive,<br>Ottawa, ON K2C 0P9<\/a><\/p>\n\n\n\n<div style=\"height:2.5rem\" aria-hidden=\"true\" class=\"wp-block-spacer\"><\/div>\n\n\n\n<p class=\"has-charcoal-gray-color has-text-color has-link-color wp-elements-a21a66d73b5260dc2a616848840f97b4\"><a href=\"tel:6135676453\">+1 (613) 567-6453<\/a><\/p>\n\n\n\n<div style=\"height:2.5rem\" aria-hidden=\"true\" class=\"wp-block-spacer\"><\/div>\n\n\n\n<p class=\"has-charcoal-gray-color has-text-color has-link-color wp-elements-3b3ba9e665bdf21ded76831801debfc4\"><a target=\"_blank\" rel=\"noreferrer noopener\" href=\"mailto:orders@icad.dental\">orders@icad.dental<\/a><\/p>\n<\/div>\n\n\n\n<div class=\"wp-block-column right is-layout-flow wp-block-column-is-layout-flow\" style=\"flex-basis:50%\">\n<h6 class=\"wp-block-heading has-slate-gray-color has-text-color has-link-color wp-elements-f865649a0ff17ac3e31a2c4f30536c2c\" style=\"font-style:normal;font-weight:300;text-transform:uppercase\">heures d&rsquo;ouverture<\/h6>\n\n\n\n<div style=\"height:3rem\" aria-hidden=\"true\" class=\"wp-block-spacer\"><\/div>\n\n\n\n<p class=\"has-charcoal-gray-color has-text-color has-link-color wp-elements-9dce566d8b7b1f3197f0583a3dd6053b\">Lundi \u00e0 vendredi<br>8 h \u00e0 17 h (heure de l\u2019Est)<\/p>\n\n\n\n<p class=\"has-charcoal-gray-color has-text-color has-link-color wp-elements-1490ad55abeb8ad78622e80e40de04d8\">Samedi et dimanche : Ferm\u00e9.<\/p>\n<\/div>\n<\/div>\n<\/div>\n\n\n\n<div class=\"wp-block-column right is-layout-flow wp-block-column-is-layout-flow\" style=\"flex-basis:48%\"><div class=\"maps_container align d-none wp-block-acf-map\">\n    <div class=\"acf-map\" data-zoom=\"16\">\n        \n        <div class=\"marker\" data-lat=\"45.3692282\" data-lng=\"-75.75229\"><\/div>\n            <\/div>\n<\/div>\n\n<p><iframe src=\"https:\/\/www.google.com\/maps\/embed?pb=!1m18!1m12!1m3!1d5605.976894833758!2d-75.75486492300706!3d45.36922817107257!2m3!1f0!2f0!3f0!3m2!1i1024!2i768!4f13.1!3m3!1m2!1s0x4cce06c1041e4975%3A0xcc683f7a15afb813!2s1825%20Woodward%20Dr%2C%20Ottawa%2C%20ON%20K2C%200P9!5e0!3m2!1sen!2sca!4v1771440624308!5m2!1sen!2sca\" width=\"100%\" height=\"450\" style=\"border:0;\" allowfullscreen=\"\" loading=\"lazy\" referrerpolicy=\"no-referrer-when-downgrade\"><\/iframe><\/p>\n<\/div>\n<\/div>\n<\/section>\n\n\n\n<section class=\"wp-block-group alignfull contact_form padding_generali is-layout-flow wp-block-group-is-layout-flow\">\n<div class=\"wp-block-group wrapper_form has-background is-layout-flow wp-block-group-is-layout-flow\" style=\"background-color:#dfe3e6\">\n<h3 class=\"wp-block-heading line_back has-slate-gray-color has-text-color has-link-color wp-elements-54a17f8a76dc88cdf7e252740afd168a\" style=\"font-style:normal;font-weight:200\">LAISSEZ-NOUS UN MESSAGE<\/h3>\n\n\n\n<div style=\"height:4rem\" aria-hidden=\"true\" class=\"wp-block-spacer\"><\/div>\n\n\n\n<div class=\"wp-block-contact-form-7-contact-form-selector form_carre\">\n<div class=\"wpcf7 no-js\" id=\"wpcf7-f967-o1\" lang=\"en-US\" dir=\"ltr\" data-wpcf7-id=\"967\">\n<div class=\"screen-reader-response\"><p role=\"status\" aria-live=\"polite\" aria-atomic=\"true\"><\/p> <ul><\/ul><\/div>\n<form action=\"\/fr\/wp-json\/wp\/v2\/pages\/63#wpcf7-f967-o1\" method=\"post\" class=\"wpcf7-form init\" aria-label=\"Contact form\" novalidate=\"novalidate\" data-status=\"init\">\n<fieldset class=\"hidden-fields-container\"><input type=\"hidden\" name=\"_wpcf7\" value=\"967\" \/><input type=\"hidden\" name=\"_wpcf7_version\" value=\"6.1.5\" \/><input type=\"hidden\" name=\"_wpcf7_locale\" value=\"en_US\" \/><input type=\"hidden\" name=\"_wpcf7_unit_tag\" value=\"wpcf7-f967-o1\" \/><input type=\"hidden\" name=\"_wpcf7_container_post\" value=\"0\" \/><input type=\"hidden\" name=\"_wpcf7_posted_data_hash\" value=\"\" \/>\n<\/fieldset>\n<div class=\"row\">\n  <div class=\"content\">\n    <span class=\"wpcf7-form-control-wrap\" data-name=\"prenom\"><input size=\"40\" maxlength=\"400\" class=\"wpcf7-form-control wpcf7-text wpcf7-validates-as-required prenom\" id=\"prenom\" aria-required=\"true\" aria-invalid=\"false\" placeholder=\"Nom complet\" value=\"\" type=\"text\" name=\"prenom\" \/><\/span>\n    <span class=\"wpcf7-form-control-wrap\" data-name=\"email\"><input size=\"40\" maxlength=\"400\" class=\"wpcf7-form-control wpcf7-email wpcf7-validates-as-required wpcf7-text wpcf7-validates-as-email email\" id=\"email\" aria-required=\"true\" aria-invalid=\"false\" placeholder=\"Courriel\" value=\"\" type=\"email\" name=\"email\" \/><\/span>\n    <span class=\"wpcf7-form-control-wrap\" data-name=\"company\"><input size=\"40\" maxlength=\"400\" class=\"wpcf7-form-control wpcf7-text wpcf7-validates-as-required company\" id=\"company\" aria-required=\"true\" aria-invalid=\"false\" placeholder=\"Entreprise\" value=\"\" type=\"text\" name=\"company\" \/><\/span>\n  <\/div>\n\n  <div class=\"content\">\n <label>Message\n    <span class=\"wpcf7-form-control-wrap\" data-name=\"textarea\"><textarea cols=\"40\" rows=\"10\" maxlength=\"2000\" class=\"wpcf7-form-control wpcf7-textarea wpcf7-validates-as-required message\" id=\"message\" aria-required=\"true\" aria-invalid=\"false\" name=\"textarea\"><\/textarea><\/span><\/label>\n  <\/div>\n<\/div>\n\n<div class=\"submit_form\">\n  <button type=\"submit\" class=\"send_email\"> \n    <span>Nous contacter<\/span>\n  <\/button>\n<\/div><div class=\"wpcf7-response-output\" aria-hidden=\"true\"><\/div>\n<\/form>\n<\/div>\n<\/div>\n<\/div>\n<\/section>\n\n\n\n<div style=\"height:6rem\" aria-hidden=\"true\" class=\"wp-block-spacer\"><\/div>\n","protected":false},"excerpt":{"rendered":"<p>Contactez-nous Visitez notre laboratoire dentaire Nous serions ravis de vous accueillir dans notre laboratoire. Que vous fassiez partie d\u2019une clinique dentaire, que vous soyez un professionnel en exercice ou un \u00e9tudiant dans le domaine, vous \u00eates invit\u00e9 \u00e0 visiter nos installations, rencontrer notre \u00e9quipe et d\u00e9couvrir les coulisses de notre travail. Une confirmation de pr\u00e9sence [&hellip;]<\/p>\n","protected":false},"author":1,"featured_media":0,"parent":0,"menu_order":0,"comment_status":"closed","ping_status":"closed","template":"","meta":{"_acf_changed":false,"inline_featured_image":false,"footnotes":""},"class_list":["post-63","page","type-page","status-publish","hentry"],"acf":[],"yoast_head":"<!-- This site is optimized with the Yoast SEO plugin v27.2 - https:\/\/yoast.com\/product\/yoast-seo-wordpress\/ -->\n<title>Contactez-nous | icad<\/title>\n<meta name=\"robots\" content=\"index, follow, max-snippet:-1, max-image-preview:large, max-video-preview:-1\" \/>\n<link rel=\"canonical\" href=\"https:\/\/icad.dental\/fr\/contactez-nous\/\" \/>\n<meta property=\"og:locale\" content=\"fr_FR\" \/>\n<meta property=\"og:type\" content=\"article\" \/>\n<meta property=\"og:title\" content=\"Contactez-nous | icad\" \/>\n<meta property=\"og:description\" content=\"Contactez-nous Visitez notre laboratoire dentaire Nous serions ravis de vous accueillir dans notre laboratoire. Que vous fassiez partie d\u2019une clinique dentaire, que vous soyez un professionnel en exercice ou un \u00e9tudiant dans le domaine, vous \u00eates invit\u00e9 \u00e0 visiter nos installations, rencontrer notre \u00e9quipe et d\u00e9couvrir les coulisses de notre travail. Une confirmation de pr\u00e9sence [&hellip;]\" \/>\n<meta property=\"og:url\" content=\"https:\/\/icad.dental\/fr\/contactez-nous\/\" \/>\n<meta property=\"og:site_name\" content=\"icad\" \/>\n<meta property=\"article:modified_time\" content=\"2026-04-23T14:31:50+00:00\" \/>\n<meta property=\"og:image\" content=\"https:\/\/icad.dental\/wp-content\/uploads\/2025\/10\/bannercontact.png\" \/>\n\t<meta property=\"og:image:width\" content=\"1920\" \/>\n\t<meta property=\"og:image:height\" content=\"1043\" \/>\n\t<meta property=\"og:image:type\" content=\"image\/png\" \/>\n<meta name=\"twitter:card\" content=\"summary_large_image\" \/>\n<meta name=\"twitter:label1\" content=\"Dur\u00e9e de lecture estim\u00e9e\" \/>\n\t<meta name=\"twitter:data1\" content=\"1 minute\" \/>\n<script type=\"application\/ld+json\" class=\"yoast-schema-graph\">{\"@context\":\"https:\/\/schema.org\",\"@graph\":[{\"@type\":\"WebPage\",\"@id\":\"https:\/\/icad.dental\/fr\/contactez-nous\/\",\"url\":\"https:\/\/icad.dental\/fr\/contactez-nous\/\",\"name\":\"Contactez-nous | icad\",\"isPartOf\":{\"@id\":\"https:\/\/icad.dental\/#website\"},\"primaryImageOfPage\":{\"@id\":\"https:\/\/icad.dental\/fr\/contactez-nous\/#primaryimage\"},\"image\":{\"@id\":\"https:\/\/icad.dental\/fr\/contactez-nous\/#primaryimage\"},\"thumbnailUrl\":\"https:\/\/icad.dental\/wp-content\/uploads\/2025\/10\/bannercontact-1024x556.png\",\"datePublished\":\"2025-08-20T16:20:23+00:00\",\"dateModified\":\"2026-04-23T14:31:50+00:00\",\"breadcrumb\":{\"@id\":\"https:\/\/icad.dental\/fr\/contactez-nous\/#breadcrumb\"},\"inLanguage\":\"fr-FR\",\"potentialAction\":[{\"@type\":\"ReadAction\",\"target\":[\"https:\/\/icad.dental\/fr\/contactez-nous\/\"]}]},{\"@type\":\"ImageObject\",\"inLanguage\":\"fr-FR\",\"@id\":\"https:\/\/icad.dental\/fr\/contactez-nous\/#primaryimage\",\"url\":\"https:\/\/icad.dental\/wp-content\/uploads\/2025\/10\/bannercontact-1024x556.png\",\"contentUrl\":\"https:\/\/icad.dental\/wp-content\/uploads\/2025\/10\/bannercontact-1024x556.png\"},{\"@type\":\"BreadcrumbList\",\"@id\":\"https:\/\/icad.dental\/fr\/contactez-nous\/#breadcrumb\",\"itemListElement\":[{\"@type\":\"ListItem\",\"position\":1,\"name\":\"Home\",\"item\":\"https:\/\/icad.dental\/fr\/\"},{\"@type\":\"ListItem\",\"position\":2,\"name\":\"Contactez-nous\"}]},{\"@type\":\"WebSite\",\"@id\":\"https:\/\/icad.dental\/#website\",\"url\":\"https:\/\/icad.dental\/\",\"name\":\"iCad Dental | Computer Aided Design & 3D Print | Ottawa\",\"description\":\"A dedicated digital dentistry department that specializes in CAD &amp; 3D printing.\",\"publisher\":{\"@id\":\"https:\/\/icad.dental\/#organization\"},\"potentialAction\":[{\"@type\":\"SearchAction\",\"target\":{\"@type\":\"EntryPoint\",\"urlTemplate\":\"https:\/\/icad.dental\/?s={search_term_string}\"},\"query-input\":{\"@type\":\"PropertyValueSpecification\",\"valueRequired\":true,\"valueName\":\"search_term_string\"}}],\"inLanguage\":\"fr-FR\"},{\"@type\":\"Organization\",\"@id\":\"https:\/\/icad.dental\/#organization\",\"name\":\"iCad Dental | Computer Aided Design & 3D Print | Ottawa\",\"url\":\"https:\/\/icad.dental\/\",\"logo\":{\"@type\":\"ImageObject\",\"inLanguage\":\"fr-FR\",\"@id\":\"https:\/\/icad.dental\/#\/schema\/logo\/image\/\",\"url\":\"https:\/\/icad.dental\/wp-content\/uploads\/2025\/08\/icad_color.png\",\"contentUrl\":\"https:\/\/icad.dental\/wp-content\/uploads\/2025\/08\/icad_color.png\",\"width\":125,\"height\":56,\"caption\":\"iCad Dental | Computer Aided Design & 3D Print | Ottawa\"},\"image\":{\"@id\":\"https:\/\/icad.dental\/#\/schema\/logo\/image\/\"}}]}<\/script>\n<!-- \/ Yoast SEO plugin. -->","yoast_head_json":{"title":"Contactez-nous | icad","robots":{"index":"index","follow":"follow","max-snippet":"max-snippet:-1","max-image-preview":"max-image-preview:large","max-video-preview":"max-video-preview:-1"},"canonical":"https:\/\/icad.dental\/fr\/contactez-nous\/","og_locale":"fr_FR","og_type":"article","og_title":"Contactez-nous | icad","og_description":"Contactez-nous Visitez notre laboratoire dentaire Nous serions ravis de vous accueillir dans notre laboratoire. Que vous fassiez partie d\u2019une clinique dentaire, que vous soyez un professionnel en exercice ou un \u00e9tudiant dans le domaine, vous \u00eates invit\u00e9 \u00e0 visiter nos installations, rencontrer notre \u00e9quipe et d\u00e9couvrir les coulisses de notre travail. Une confirmation de pr\u00e9sence [&hellip;]","og_url":"https:\/\/icad.dental\/fr\/contactez-nous\/","og_site_name":"icad","article_modified_time":"2026-04-23T14:31:50+00:00","og_image":[{"width":1920,"height":1043,"url":"https:\/\/icad.dental\/wp-content\/uploads\/2025\/10\/bannercontact.png","type":"image\/png"}],"twitter_card":"summary_large_image","twitter_misc":{"Dur\u00e9e de lecture estim\u00e9e":"1 minute"},"schema":{"@context":"https:\/\/schema.org","@graph":[{"@type":"WebPage","@id":"https:\/\/icad.dental\/fr\/contactez-nous\/","url":"https:\/\/icad.dental\/fr\/contactez-nous\/","name":"Contactez-nous | icad","isPartOf":{"@id":"https:\/\/icad.dental\/#website"},"primaryImageOfPage":{"@id":"https:\/\/icad.dental\/fr\/contactez-nous\/#primaryimage"},"image":{"@id":"https:\/\/icad.dental\/fr\/contactez-nous\/#primaryimage"},"thumbnailUrl":"https:\/\/icad.dental\/wp-content\/uploads\/2025\/10\/bannercontact-1024x556.png","datePublished":"2025-08-20T16:20:23+00:00","dateModified":"2026-04-23T14:31:50+00:00","breadcrumb":{"@id":"https:\/\/icad.dental\/fr\/contactez-nous\/#breadcrumb"},"inLanguage":"fr-FR","potentialAction":[{"@type":"ReadAction","target":["https:\/\/icad.dental\/fr\/contactez-nous\/"]}]},{"@type":"ImageObject","inLanguage":"fr-FR","@id":"https:\/\/icad.dental\/fr\/contactez-nous\/#primaryimage","url":"https:\/\/icad.dental\/wp-content\/uploads\/2025\/10\/bannercontact-1024x556.png","contentUrl":"https:\/\/icad.dental\/wp-content\/uploads\/2025\/10\/bannercontact-1024x556.png"},{"@type":"BreadcrumbList","@id":"https:\/\/icad.dental\/fr\/contactez-nous\/#breadcrumb","itemListElement":[{"@type":"ListItem","position":1,"name":"Home","item":"https:\/\/icad.dental\/fr\/"},{"@type":"ListItem","position":2,"name":"Contactez-nous"}]},{"@type":"WebSite","@id":"https:\/\/icad.dental\/#website","url":"https:\/\/icad.dental\/","name":"iCad Dental | Computer Aided Design & 3D Print | Ottawa","description":"A dedicated digital dentistry department that specializes in CAD &amp; 3D printing.","publisher":{"@id":"https:\/\/icad.dental\/#organization"},"potentialAction":[{"@type":"SearchAction","target":{"@type":"EntryPoint","urlTemplate":"https:\/\/icad.dental\/?s={search_term_string}"},"query-input":{"@type":"PropertyValueSpecification","valueRequired":true,"valueName":"search_term_string"}}],"inLanguage":"fr-FR"},{"@type":"Organization","@id":"https:\/\/icad.dental\/#organization","name":"iCad Dental | Computer Aided Design & 3D Print | Ottawa","url":"https:\/\/icad.dental\/","logo":{"@type":"ImageObject","inLanguage":"fr-FR","@id":"https:\/\/icad.dental\/#\/schema\/logo\/image\/","url":"https:\/\/icad.dental\/wp-content\/uploads\/2025\/08\/icad_color.png","contentUrl":"https:\/\/icad.dental\/wp-content\/uploads\/2025\/08\/icad_color.png","width":125,"height":56,"caption":"iCad Dental | Computer Aided Design & 3D Print | Ottawa"},"image":{"@id":"https:\/\/icad.dental\/#\/schema\/logo\/image\/"}}]}},"_links":{"self":[{"href":"https:\/\/icad.dental\/fr\/wp-json\/wp\/v2\/pages\/63","targetHints":{"allow":["GET"]}}],"collection":[{"href":"https:\/\/icad.dental\/fr\/wp-json\/wp\/v2\/pages"}],"about":[{"href":"https:\/\/icad.dental\/fr\/wp-json\/wp\/v2\/types\/page"}],"author":[{"embeddable":true,"href":"https:\/\/icad.dental\/fr\/wp-json\/wp\/v2\/users\/1"}],"replies":[{"embeddable":true,"href":"https:\/\/icad.dental\/fr\/wp-json\/wp\/v2\/comments?post=63"}],"version-history":[{"count":10,"href":"https:\/\/icad.dental\/fr\/wp-json\/wp\/v2\/pages\/63\/revisions"}],"predecessor-version":[{"id":2108,"href":"https:\/\/icad.dental\/fr\/wp-json\/wp\/v2\/pages\/63\/revisions\/2108"}],"wp:attachment":[{"href":"https:\/\/icad.dental\/fr\/wp-json\/wp\/v2\/media?parent=63"}],"curies":[{"name":"wp","href":"https:\/\/api.w.org\/{rel}","templated":true}]}}